{"id":889,"date":"2024-07-08T03:49:00","date_gmt":"2024-07-08T01:49:00","guid":{"rendered":"https:\/\/www.acconti.sk\/?page_id=889"},"modified":"2024-08-02T11:36:03","modified_gmt":"2024-08-02T09:36:03","slug":"virtualna-asistentka","status":"publish","type":"page","link":"https:\/\/www.acconti.sk\/en\/virtualna-asistentka\/","title":{"rendered":"Virtual Assistant"},"content":{"rendered":"<section class=\"section\" id=\"section_1324710588\">\n\t\t<div class=\"section-bg fill\" >\n\t\t\t\t\t\t\t\t\t\n\t\t\t\n\n\t\t<\/div>\n\n\t\t\n\n\t\t<div class=\"section-content relative\">\n\t\t\t\n\n<div class=\"row\"  id=\"row-546721682\">\n\n\n\t<div id=\"col-500405306\" class=\"col small-12 large-12\"  >\n\t\t\t\t<div class=\"col-inner\"  >\n\t\t\t\n\t\t\t\n\n\n  <div class=\"banner has-hover\" id=\"banner-539830667\">\n          <div class=\"banner-inner fill\">\n        <div class=\"banner-bg fill\" >\n            <img fetchpriority=\"high\" decoding=\"async\" width=\"2560\" height=\"1707\" src=\"https:\/\/www.acconti.sk\/wp-content\/uploads\/2024\/06\/close-up-woman-working-laptop-scaled.jpg\" class=\"bg attachment-original size-original\" alt=\"Profesion\u00e1lna komunik\u00e1cia s virtu\u00e1lnou asistentkou\" \/>                        <div class=\"overlay\"><\/div>            \n                    <\/div>\n\t\t\n        <div class=\"banner-layers container\">\n            <div class=\"fill banner-link\"><\/div>            \n\n   <div id=\"text-box-1141834493\" class=\"text-box banner-layer x50 md-x50 lg-x50 y50 md-y50 lg-y50 res-text\">\n                                <div class=\"text-box-content text dark\">\n              \n              <div class=\"text-inner text-center\">\n                  \n\n<h6 style=\"text-align: left;\">Virtual Assistant<\/h6>\n\t<div id=\"text-1812138301\" class=\"text\">\n\t\t\n\n<h2>Delegate Your Administrative Tasks to Us<\/h2>\n\t\t\n<style>\n#text-1812138301 {\n  text-align: left;\n}\n<\/style>\n\t<\/div>\n\t\n\n              <\/div>\n           <\/div>\n                            \n<style>\n#text-box-1141834493 {\n  width: 84%;\n}\n#text-box-1141834493 .text-box-content {\n  font-size: 100%;\n}\n<\/style>\n    <\/div>\n \n\n        <\/div>\n      <\/div>\n\n            \n<style>\n#banner-539830667 {\n  padding-top: 500px;\n  background-color: rgb(255,255,255);\n}\n#banner-539830667 .overlay {\n  background-color: rgba(0, 0, 0, 0.198);\n}\n#banner-539830667 .banner-bg img {\n  object-position: 0% 30%;\n}\n<\/style>\n  <\/div>\n\n\n\n\t\t<\/div>\n\t\t\t\t\t<\/div>\n\n\t\n\n<\/div>\n\n\t\t<\/div>\n\n\t\t\n<style>\n#section_1324710588 {\n  padding-top: 70pt;\n  padding-bottom: 70pt;\n  margin-bottom: -40pt;\n  background-color: rgb(255,255,255);\n}\n<\/style>\n\t<\/section>\n\t\n\n\t<section class=\"section\" id=\"section_1286621301\">\n\t\t<div class=\"section-bg fill\" >\n\t\t\t\t\t\t\t\t\t\n\t\t\t\n\n\t\t<\/div>\n\n\t\t\n\n\t\t<div class=\"section-content relative\">\n\t\t\t\n\n<div class=\"row align-middle\"  id=\"row-973365032\">\n\n\n\t<div id=\"col-1212999678\" class=\"col medium-6 small-12 large-6\"  >\n\t\t\t\t<div class=\"col-inner\"  >\n\t\t\t\n\t\t\t\n\n\t<div id=\"text-1652310385\" class=\"text\">\n\t\t\n\n<h2>Your Path to Efficient Time and Task Management<\/h2>\n\t\t\n<style>\n#text-1652310385 {\n  font-size: 1.4rem;\n}\n<\/style>\n\t<\/div>\n\t\n<a href=\"https:\/\/www.acconti.sk\/en\/kontakt\/\" class=\"button primary\"  style=\"border-radius:6px;\">\n\t\t<span>Meet our assistant<\/span>\n\t<\/a>\n\n\n\n\t\t<\/div>\n\t\t\t\t\t<\/div>\n\n\t\n\n\t<div id=\"col-553042911\" class=\"col medium-6 small-12 large-6\"  >\n\t\t\t\t<div class=\"col-inner\"  >\n\t\t\t\n\t\t\t\n\n<p>Reduce your workload and costs with the help of a virtual assistant in an efficient way.<\/p>\n<p>Tasks typically delegated to a secretary or personal assistant can be efficiently performed remotely. The virtual assistant helps you online, allowing you to flexibly address your needs and tasks, independent of physical presence.<\/p>\n\n\t\t<\/div>\n\t\t\t\t\t<\/div>\n\n\t\n\n\n<style>\n#row-973365032 > .col > .col-inner {\n  padding: 0px 0px 30px 0px;\n}\n<\/style>\n<\/div>\n<div class=\"row row-small\"  id=\"row-106900509\">\n\n\n\t<div id=\"col-670212395\" class=\"col medium-3 small-6 large-3\"  >\n\t\t\t\t<div class=\"col-inner\"  >\n\t\t\t\n\t<div class=\"is-border\"\n\t\tstyle=\"border-color:rgb(190, 186, 186);border-radius:12px;border-width:0.8px 0.8px 0.8px 0.8px;\">\n\t<\/div>\n\t\t\t\n\n\n\t\t<div class=\"icon-box featured-box icon-box-top text-left\"  >\n\t\t\t\t\t<div class=\"icon-box-img\" style=\"width: 40px\">\n\t\t\t\t<div class=\"icon\">\n\t\t\t\t\t<div class=\"icon-inner\" >\n\t\t\t\t\t\t<img decoding=\"async\" width=\"300\" height=\"300\" src=\"https:\/\/www.acconti.sk\/wp-content\/uploads\/2024\/07\/icons-acconti-15-300x300.png\" class=\"attachment-medium size-medium\" alt=\"\" srcset=\"https:\/\/www.acconti.sk\/wp-content\/uploads\/2024\/07\/icons-acconti-15-300x300.png 300w, https:\/\/www.acconti.sk\/wp-content\/uploads\/2024\/07\/icons-acconti-15-1024x1024.png 1024w, https:\/\/www.acconti.sk\/wp-content\/uploads\/2024\/07\/icons-acconti-15-150x150.png 150w, https:\/\/www.acconti.sk\/wp-content\/uploads\/2024\/07\/icons-acconti-15-768x768.png 768w, https:\/\/www.acconti.sk\/wp-content\/uploads\/2024\/07\/icons-acconti-15.png 1201w\" sizes=\"(max-width: 300px) 100vw, 300px\" \/>\t\t\t\t\t<\/div>\n\t\t\t\t<\/div>\n\t\t\t<\/div>\n\t\t\t\t<div class=\"icon-box-text last-reset\">\n\t\t\t\t\t\t\t\t\t\n\n\t<div id=\"text-1695348852\" class=\"text\">\n\t\t\n\n<h3>HR Support\u00a0<\/h3>\n\t\t\n<style>\n#text-1695348852 {\n  font-size: 0.85rem;\n}\n<\/style>\n\t<\/div>\n\t\n<p>We provide comprehensive HR support, including the recruitment of new talents and efficient management of human resources. We take care of all the administration.<\/p>\n\n\t\t<\/div>\n\t<\/div>\n\t\n\t\n\n\t\t<\/div>\n\t\t\t\t\n<style>\n#col-670212395 > .col-inner {\n  border-radius: 12px;\n}\n<\/style>\n\t<\/div>\n\n\t\n\n\t<div id=\"col-1557111110\" class=\"col medium-3 small-6 large-3\"  >\n\t\t\t\t<div class=\"col-inner\"  >\n\t\t\t\n\t<div class=\"is-border\"\n\t\tstyle=\"border-color:rgb(190, 186, 186);border-radius:12px;border-width:0.8px 0.8px 0.8px 0.8px;\">\n\t<\/div>\n\t\t\t\n\n\n\t\t<div class=\"icon-box featured-box icon-box-top text-left\"  >\n\t\t\t\t\t<div class=\"icon-box-img\" style=\"width: 40px\">\n\t\t\t\t<div class=\"icon\">\n\t\t\t\t\t<div class=\"icon-inner\" >\n\t\t\t\t\t\t<img decoding=\"async\" width=\"300\" height=\"300\" src=\"https:\/\/www.acconti.sk\/wp-content\/uploads\/2024\/07\/icons-acconti-14-300x300.png\" class=\"attachment-medium size-medium\" alt=\"\" srcset=\"https:\/\/www.acconti.sk\/wp-content\/uploads\/2024\/07\/icons-acconti-14-300x300.png 300w, https:\/\/www.acconti.sk\/wp-content\/uploads\/2024\/07\/icons-acconti-14-1024x1024.png 1024w, https:\/\/www.acconti.sk\/wp-content\/uploads\/2024\/07\/icons-acconti-14-150x150.png 150w, https:\/\/www.acconti.sk\/wp-content\/uploads\/2024\/07\/icons-acconti-14-768x768.png 768w, https:\/\/www.acconti.sk\/wp-content\/uploads\/2024\/07\/icons-acconti-14.png 1201w\" sizes=\"(max-width: 300px) 100vw, 300px\" \/>\t\t\t\t\t<\/div>\n\t\t\t\t<\/div>\n\t\t\t<\/div>\n\t\t\t\t<div class=\"icon-box-text last-reset\">\n\t\t\t\t\t\t\t\t\t\n\n\t<div id=\"text-2029782239\" class=\"text\">\n\t\t\n\n<h3>Creation of Basic Documentation for the Company\u00a0<\/h3>\n\t\t\n<style>\n#text-2029782239 {\n  font-size: 0.85rem;\n}\n<\/style>\n\t<\/div>\n\t\n<p>Our team specializes in creating essential legal documents for your company, including employment contracts, company policies, and the most common business contracts.\u00a0<\/p>\n\n\t\t<\/div>\n\t<\/div>\n\t\n\t\n\n\t\t<\/div>\n\t\t\t\t\n<style>\n#col-1557111110 > .col-inner {\n  border-radius: 12px;\n}\n<\/style>\n\t<\/div>\n\n\t\n\n\t<div id=\"col-382233502\" class=\"col medium-3 small-6 large-3\"  >\n\t\t\t\t<div class=\"col-inner\"  >\n\t\t\t\n\t<div class=\"is-border\"\n\t\tstyle=\"border-color:rgb(190, 186, 186);border-radius:12px;border-width:0.8px 0.8px 0.8px 0.8px;\">\n\t<\/div>\n\t\t\t\n\n\n\t\t<div class=\"icon-box featured-box icon-box-top text-left\"  >\n\t\t\t\t\t<div class=\"icon-box-img\" style=\"width: 40px\">\n\t\t\t\t<div class=\"icon\">\n\t\t\t\t\t<div class=\"icon-inner\" >\n\t\t\t\t\t\t<img loading=\"lazy\" decoding=\"async\" width=\"300\" height=\"300\" src=\"https:\/\/www.acconti.sk\/wp-content\/uploads\/2024\/07\/icons-10-300x300.png\" class=\"attachment-medium size-medium\" alt=\"\" srcset=\"https:\/\/www.acconti.sk\/wp-content\/uploads\/2024\/07\/icons-10-300x300.png 300w, https:\/\/www.acconti.sk\/wp-content\/uploads\/2024\/07\/icons-10-1024x1024.png 1024w, https:\/\/www.acconti.sk\/wp-content\/uploads\/2024\/07\/icons-10-150x150.png 150w, https:\/\/www.acconti.sk\/wp-content\/uploads\/2024\/07\/icons-10-768x768.png 768w, https:\/\/www.acconti.sk\/wp-content\/uploads\/2024\/07\/icons-10.png 1201w\" sizes=\"(max-width: 300px) 100vw, 300px\" \/>\t\t\t\t\t<\/div>\n\t\t\t\t<\/div>\n\t\t\t<\/div>\n\t\t\t\t<div class=\"icon-box-text last-reset\">\n\t\t\t\t\t\t\t\t\t\n\n\t<div id=\"text-500812623\" class=\"text\">\n\t\t\n\n<h3>Communication with Partners<\/h3>\n\t\t\n<style>\n#text-500812623 {\n  font-size: 0.85rem;\n}\n<\/style>\n\t<\/div>\n\t\n<p>We ensure the effective management of your calendar, email communication, and meeting notes. We organize meetings and coordinate your team so that you can fully focus on growing your business.<\/p>\n\n\t\t<\/div>\n\t<\/div>\n\t\n\t\n\n\t\t<\/div>\n\t\t\t\t\n<style>\n#col-382233502 > .col-inner {\n  border-radius: 12px;\n}\n<\/style>\n\t<\/div>\n\n\t\n\n\t<div id=\"col-1476527652\" class=\"col medium-3 small-6 large-3\"  >\n\t\t\t\t<div class=\"col-inner\"  >\n\t\t\t\n\t<div class=\"is-border\"\n\t\tstyle=\"border-color:rgb(190, 186, 186);border-radius:12px;border-width:0.8px 0.8px 0.8px 0.8px;\">\n\t<\/div>\n\t\t\t\n\n\n\t\t<div class=\"icon-box featured-box icon-box-top text-left\"  >\n\t\t\t\t\t<div class=\"icon-box-img\" style=\"width: 40px\">\n\t\t\t\t<div class=\"icon\">\n\t\t\t\t\t<div class=\"icon-inner\" >\n\t\t\t\t\t\t<img loading=\"lazy\" decoding=\"async\" width=\"300\" height=\"300\" src=\"https:\/\/www.acconti.sk\/wp-content\/uploads\/2024\/07\/icons-11-300x300.png\" class=\"attachment-medium size-medium\" alt=\"\" srcset=\"https:\/\/www.acconti.sk\/wp-content\/uploads\/2024\/07\/icons-11-300x300.png 300w, https:\/\/www.acconti.sk\/wp-content\/uploads\/2024\/07\/icons-11-1024x1024.png 1024w, https:\/\/www.acconti.sk\/wp-content\/uploads\/2024\/07\/icons-11-150x150.png 150w, https:\/\/www.acconti.sk\/wp-content\/uploads\/2024\/07\/icons-11-768x768.png 768w, https:\/\/www.acconti.sk\/wp-content\/uploads\/2024\/07\/icons-11.png 1201w\" sizes=\"(max-width: 300px) 100vw, 300px\" \/>\t\t\t\t\t<\/div>\n\t\t\t\t<\/div>\n\t\t\t<\/div>\n\t\t\t\t<div class=\"icon-box-text last-reset\">\n\t\t\t\t\t\t\t\t\t\n\n\t<div id=\"text-4258778314\" class=\"text\">\n\t\t\n\n<h3>Preparation of Documentation <br \/>for the Accountant<\/h3>\n\t\t\n<style>\n#text-4258778314 {\n  font-size: 0.85rem;\n}\n<\/style>\n\t<\/div>\n\t\n<p>Our virtual assistant will help you eliminate administrative burdens. We ensure invoicing, preparation of monthly documentation for the accountant, and filling out travel orders.<\/p>\n\n\t\t<\/div>\n\t<\/div>\n\t\n\t\n\n\t\t<\/div>\n\t\t\t\t\n<style>\n#col-1476527652 > .col-inner {\n  border-radius: 12px;\n}\n<\/style>\n\t<\/div>\n\n\t\n\n\n<style>\n#row-106900509 > .col > .col-inner {\n  padding: 18px 10px 18px 20px;\n}\n<\/style>\n<\/div>\n\t<div id=\"gap-1477110505\" class=\"gap-element clearfix\" style=\"display:block; height:auto;\">\n\t\t\n<style>\n#gap-1477110505 {\n  padding-top: 50px;\n}\n<\/style>\n\t<\/div>\n\t\n\n\n\t\t<\/div>\n\n\t\t\n<style>\n#section_1286621301 {\n  padding-top: 10px;\n  padding-bottom: 10px;\n  margin-bottom: 60px;\n  background-color: rgb(255,255,255);\n}\n<\/style>\n\t<\/section>","protected":false},"excerpt":{"rendered":"","protected":false},"author":13,"featured_media":0,"parent":0,"menu_order":0,"comment_status":"closed","ping_status":"closed","template":"page-transparent-header.php","meta":{"footnotes":""},"class_list":["post-889","page","type-page","status-publish","hentry"],"yoast_head":"<!-- This site is optimized with the Yoast SEO plugin v25.5 - https:\/\/yoast.com\/wordpress\/plugins\/seo\/ -->\n<title>Virtu\u00e1lna asistentka - \u00fa\u010dtovn\u00edcka a mzdov\u00e1 agenda<\/title>\n<meta name=\"robots\" content=\"index, follow, max-snippet:-1, max-image-preview:large, max-video-preview:-1\" \/>\n<link rel=\"canonical\" href=\"https:\/\/www.acconti.sk\/en\/virtualna-asistentka\/\" \/>\n<meta property=\"og:locale\" content=\"en_US\" \/>\n<meta property=\"og:type\" content=\"article\" \/>\n<meta property=\"og:title\" content=\"Virtu\u00e1lna asistentka - \u00fa\u010dtovn\u00edcka a mzdov\u00e1 agenda\" \/>\n<meta property=\"og:url\" content=\"https:\/\/www.acconti.sk\/en\/virtualna-asistentka\/\" \/>\n<meta property=\"og:site_name\" content=\"\u00fa\u010dtovn\u00edcka a mzdov\u00e1 agenda\" \/>\n<meta property=\"article:modified_time\" content=\"2024-08-02T09:36:03+00:00\" \/>\n<meta name=\"twitter:card\" content=\"summary_large_image\" \/>\n<meta name=\"twitter:label1\" content=\"Est. reading time\" \/>\n\t<meta name=\"twitter:data1\" content=\"2 minutes\" \/>\n<script type=\"application\/ld+json\" class=\"yoast-schema-graph\">{\"@context\":\"https:\/\/schema.org\",\"@graph\":[{\"@type\":\"WebPage\",\"@id\":\"https:\/\/www.acconti.sk\/en\/virtualna-asistentka\/\",\"url\":\"https:\/\/www.acconti.sk\/en\/virtualna-asistentka\/\",\"name\":\"Virtu\u00e1lna asistentka - \u00fa\u010dtovn\u00edcka a mzdov\u00e1 agenda\",\"isPartOf\":{\"@id\":\"https:\/\/www.acconti.sk\/#website\"},\"datePublished\":\"2024-07-08T01:49:00+00:00\",\"dateModified\":\"2024-08-02T09:36:03+00:00\",\"breadcrumb\":{\"@id\":\"https:\/\/www.acconti.sk\/en\/virtualna-asistentka\/#breadcrumb\"},\"inLanguage\":\"en-US\",\"potentialAction\":[{\"@type\":\"ReadAction\",\"target\":[\"https:\/\/www.acconti.sk\/en\/virtualna-asistentka\/\"]}]},{\"@type\":\"BreadcrumbList\",\"@id\":\"https:\/\/www.acconti.sk\/en\/virtualna-asistentka\/#breadcrumb\",\"itemListElement\":[{\"@type\":\"ListItem\",\"position\":1,\"name\":\"Home\",\"item\":\"https:\/\/www.acconti.sk\/\"},{\"@type\":\"ListItem\",\"position\":2,\"name\":\"Virtu\u00e1lna asistentka\"}]},{\"@type\":\"WebSite\",\"@id\":\"https:\/\/www.acconti.sk\/#website\",\"url\":\"https:\/\/www.acconti.sk\/\",\"name\":\"\u00fa\u010dtovn\u00edcka a mzdov\u00e1 agenda\",\"description\":\"\",\"potentialAction\":[{\"@type\":\"SearchAction\",\"target\":{\"@type\":\"EntryPoint\",\"urlTemplate\":\"https:\/\/www.acconti.sk\/?s={search_term_string}\"},\"query-input\":{\"@type\":\"PropertyValueSpecification\",\"valueRequired\":true,\"valueName\":\"search_term_string\"}}],\"inLanguage\":\"en-US\"}]}<\/script>\n<!-- \/ Yoast SEO plugin. -->","yoast_head_json":{"title":"Virtu\u00e1lna asistentka - \u00fa\u010dtovn\u00edcka a mzdov\u00e1 agenda","robots":{"index":"index","follow":"follow","max-snippet":"max-snippet:-1","max-image-preview":"max-image-preview:large","max-video-preview":"max-video-preview:-1"},"canonical":"https:\/\/www.acconti.sk\/en\/virtualna-asistentka\/","og_locale":"en_US","og_type":"article","og_title":"Virtu\u00e1lna asistentka - \u00fa\u010dtovn\u00edcka a mzdov\u00e1 agenda","og_url":"https:\/\/www.acconti.sk\/en\/virtualna-asistentka\/","og_site_name":"\u00fa\u010dtovn\u00edcka a mzdov\u00e1 agenda","article_modified_time":"2024-08-02T09:36:03+00:00","twitter_card":"summary_large_image","twitter_misc":{"Est. reading time":"2 minutes"},"schema":{"@context":"https:\/\/schema.org","@graph":[{"@type":"WebPage","@id":"https:\/\/www.acconti.sk\/en\/virtualna-asistentka\/","url":"https:\/\/www.acconti.sk\/en\/virtualna-asistentka\/","name":"Virtu\u00e1lna asistentka - \u00fa\u010dtovn\u00edcka a mzdov\u00e1 agenda","isPartOf":{"@id":"https:\/\/www.acconti.sk\/#website"},"datePublished":"2024-07-08T01:49:00+00:00","dateModified":"2024-08-02T09:36:03+00:00","breadcrumb":{"@id":"https:\/\/www.acconti.sk\/en\/virtualna-asistentka\/#breadcrumb"},"inLanguage":"en-US","potentialAction":[{"@type":"ReadAction","target":["https:\/\/www.acconti.sk\/en\/virtualna-asistentka\/"]}]},{"@type":"BreadcrumbList","@id":"https:\/\/www.acconti.sk\/en\/virtualna-asistentka\/#breadcrumb","itemListElement":[{"@type":"ListItem","position":1,"name":"Home","item":"https:\/\/www.acconti.sk\/"},{"@type":"ListItem","position":2,"name":"Virtu\u00e1lna asistentka"}]},{"@type":"WebSite","@id":"https:\/\/www.acconti.sk\/#website","url":"https:\/\/www.acconti.sk\/","name":"\u00fa\u010dtovn\u00edcka a mzdov\u00e1 agenda","description":"","potentialAction":[{"@type":"SearchAction","target":{"@type":"EntryPoint","urlTemplate":"https:\/\/www.acconti.sk\/?s={search_term_string}"},"query-input":{"@type":"PropertyValueSpecification","valueRequired":true,"valueName":"search_term_string"}}],"inLanguage":"en-US"}]}},"_links":{"self":[{"href":"https:\/\/www.acconti.sk\/en\/wp-json\/wp\/v2\/pages\/889","targetHints":{"allow":["GET"]}}],"collection":[{"href":"https:\/\/www.acconti.sk\/en\/wp-json\/wp\/v2\/pages"}],"about":[{"href":"https:\/\/www.acconti.sk\/en\/wp-json\/wp\/v2\/types\/page"}],"author":[{"embeddable":true,"href":"https:\/\/www.acconti.sk\/en\/wp-json\/wp\/v2\/users\/13"}],"replies":[{"embeddable":true,"href":"https:\/\/www.acconti.sk\/en\/wp-json\/wp\/v2\/comments?post=889"}],"version-history":[{"count":0,"href":"https:\/\/www.acconti.sk\/en\/wp-json\/wp\/v2\/pages\/889\/revisions"}],"wp:attachment":[{"href":"https:\/\/www.acconti.sk\/en\/wp-json\/wp\/v2\/media?parent=889"}],"curies":[{"name":"wp","href":"https:\/\/api.w.org\/{rel}","templated":true}]}}