{"id":886,"date":"2024-07-08T03:46:33","date_gmt":"2024-07-08T01:46:33","guid":{"rendered":"https:\/\/www.acconti.sk\/?page_id=886"},"modified":"2024-09-09T09:04:20","modified_gmt":"2024-09-09T07:04:20","slug":"vedenie-uctovnictva","status":"publish","type":"page","link":"https:\/\/www.acconti.sk\/en\/vedenie-uctovnictva\/","title":{"rendered":"Accounting Management"},"content":{"rendered":"<section class=\"section\" id=\"section_558441587\">\n\t\t<div class=\"section-bg fill\" >\n\t\t\t\t\t\t\t\t\t\n\t\t\t\n\n\t\t<\/div>\n\n\t\t\n\n\t\t<div class=\"section-content relative\">\n\t\t\t\n\n<div class=\"row\"  id=\"row-2136788492\">\n\n\n\t<div id=\"col-1331113989\" class=\"col small-12 large-12\"  >\n\t\t\t\t<div class=\"col-inner\"  >\n\t\t\t\n\t\t\t\n\n\n  <div class=\"banner has-hover\" id=\"banner-1787601453\">\n          <div class=\"banner-inner fill\">\n        <div class=\"banner-bg fill\" >\n            <img fetchpriority=\"high\" decoding=\"async\" width=\"2560\" height=\"2560\" src=\"https:\/\/www.acconti.sk\/wp-content\/uploads\/2024\/07\/hands-writing-business-documents-desk-concept-scaled.jpg\" class=\"bg attachment-original size-original\" alt=\"Detailn\u00fd z\u00e1ber na finan\u010dn\u00e9 v\u00fdkazy a grafy analyzovan\u00e9 odborn\u00edkmi.\" \/>                        <div class=\"overlay\"><\/div>            \n                    <\/div>\n\t\t\n        <div class=\"banner-layers container\">\n            <div class=\"fill banner-link\"><\/div>            \n\n   <div id=\"text-box-295312029\" class=\"text-box banner-layer x50 md-x50 lg-x50 y50 md-y50 lg-y50 res-text\">\n                                <div class=\"text-box-content text dark\">\n              \n              <div class=\"text-inner text-center\">\n                  \n\n\t<div id=\"text-1956235823\" class=\"text\">\n\t\t\n\n<h6>Accounting Management<\/h6>\n\t\t\n<style>\n#text-1956235823 {\n  text-align: left;\n}\n<\/style>\n\t<\/div>\n\t\n\t<div id=\"text-2408960062\" class=\"text\">\n\t\t\n\n<h2>One -Time Audits and Complete Accounting Department Management<\/h2>\n\t\t\n<style>\n#text-2408960062 {\n  text-align: left;\n}\n<\/style>\n\t<\/div>\n\t\n\n              <\/div>\n           <\/div>\n                            \n<style>\n#text-box-295312029 {\n  width: 84%;\n}\n#text-box-295312029 .text-box-content {\n  font-size: 100%;\n}\n<\/style>\n    <\/div>\n \n\n        <\/div>\n      <\/div>\n\n            \n<style>\n#banner-1787601453 {\n  padding-top: 500px;\n  background-color: rgb(255,255,255);\n}\n#banner-1787601453 .overlay {\n  background-color: rgba(0, 0, 0, 0.198);\n}\n#banner-1787601453 .banner-bg img {\n  object-position: 5% 68%;\n}\n<\/style>\n  <\/div>\n\n\n\n\t\t<\/div>\n\t\t\t\t\t<\/div>\n\n\t\n\n<\/div>\n\n\t\t<\/div>\n\n\t\t\n<style>\n#section_558441587 {\n  padding-top: 70pt;\n  padding-bottom: 70pt;\n  margin-bottom: -40pt;\n  background-color: rgb(255,255,255);\n}\n<\/style>\n\t<\/section>\n\t\n\n\t<section class=\"section\" id=\"section_1974121205\">\n\t\t<div class=\"section-bg fill\" >\n\t\t\t\t\t\t\t\t\t\n\t\t\t\n\n\t\t<\/div>\n\n\t\t\n\n\t\t<div class=\"section-content relative\">\n\t\t\t\n\n<div class=\"row\"  id=\"row-701101900\">\n\n\n\t<div id=\"col-1671744308\" class=\"col medium-6 small-12 large-6\"  >\n\t\t\t\t<div class=\"col-inner\"  >\n\t\t\t\n\t\t\t\n\n\t<div id=\"text-1441839625\" class=\"text\">\n\t\t\n\n<h2>Comprehensive services for all companies and individuals<\/h2>\n\t\t\n<style>\n#text-1441839625 {\n  font-size: 1.4rem;\n  color: #9aca3c;\n}\n#text-1441839625 > * {\n  color: #9aca3c;\n}\n<\/style>\n\t<\/div>\n\t\n\n\t\t<\/div>\n\t\t\t\t\t<\/div>\n\n\t\n\n\t<div id=\"col-697492327\" class=\"col medium-6 small-12 large-6\"  >\n\t\t\t\t<div class=\"col-inner\"  >\n\t\t\t\n\t\t\t\n\n<p>We offer complete processing of accounting and tax matters for startups, large, small, and medium-sized companies, as well as individuals. We can replace your accounting and payroll department or provide support to your internal team.<\/p>\n<p>We professionally handle accounting processing on a regular basis in accordance with applicable legislation, using systems based on customer requirements: SAP, Navision (Microsoft Dynamics NAV), Helios, Pohoda, Money, Proluc, etc.<\/p>\n\n\t\t<\/div>\n\t\t\t\t\t<\/div>\n\n\t\n\n\n<style>\n#row-701101900 > .col > .col-inner {\n  padding: 0px 0px 20px 0px;\n}\n<\/style>\n<\/div>\n<div class=\"row row-small\"  id=\"row-286929152\">\n\n\n\t<div id=\"col-249950488\" class=\"col medium-3 small-6 large-3\"  >\n\t\t\t\t<div class=\"col-inner\"  >\n\t\t\t\n\t<div class=\"is-border\"\n\t\tstyle=\"border-color:rgb(190, 186, 186);border-radius:12px;border-width:0.8px 0.8px 0.8px 0.8px;\">\n\t<\/div>\n\t\t\t\n\n\n\t\t<div class=\"icon-box featured-box icon-box-top text-left\"  >\n\t\t\t\t\t<div class=\"icon-box-img\" style=\"width: 40px\">\n\t\t\t\t<div class=\"icon\">\n\t\t\t\t\t<div class=\"icon-inner\" >\n\t\t\t\t\t\t<img decoding=\"async\" width=\"300\" height=\"300\" src=\"https:\/\/www.acconti.sk\/wp-content\/uploads\/2024\/07\/icon-5-300x300.png\" class=\"attachment-medium size-medium\" alt=\"\" srcset=\"https:\/\/www.acconti.sk\/wp-content\/uploads\/2024\/07\/icon-5-300x300.png 300w, https:\/\/www.acconti.sk\/wp-content\/uploads\/2024\/07\/icon-5-1024x1024.png 1024w, https:\/\/www.acconti.sk\/wp-content\/uploads\/2024\/07\/icon-5-150x150.png 150w, https:\/\/www.acconti.sk\/wp-content\/uploads\/2024\/07\/icon-5-768x768.png 768w, https:\/\/www.acconti.sk\/wp-content\/uploads\/2024\/07\/icon-5.png 1200w\" sizes=\"(max-width: 300px) 100vw, 300px\" \/>\t\t\t\t\t<\/div>\n\t\t\t\t<\/div>\n\t\t\t<\/div>\n\t\t\t\t<div class=\"icon-box-text last-reset\">\n\t\t\t\t\t\t\t\t\t\n\n\t<div id=\"text-474144222\" class=\"text\">\n\t\t\n\n<h3>Automated Reporting<\/h3>\n\t\t\n<style>\n#text-474144222 {\n  font-size: 0.85rem;\n}\n<\/style>\n\t<\/div>\n\t\n<p>You will receive accurate information about the company\u2019s financial performance, including details about liabilities, receivables, income, and expenses, and other financial overviews without manual work.<\/p>\n\n\t\t<\/div>\n\t<\/div>\n\t\n\t\n\n\t\t<\/div>\n\t\t\t\t\n<style>\n#col-249950488 > .col-inner {\n  border-radius: 12px;\n}\n<\/style>\n\t<\/div>\n\n\t\n\n\t<div id=\"col-1138964108\" class=\"col medium-3 small-6 large-3\"  >\n\t\t\t\t<div class=\"col-inner\"  >\n\t\t\t\n\t<div class=\"is-border\"\n\t\tstyle=\"border-color:rgb(190, 186, 186);border-radius:12px;border-width:0.8px 0.8px 0.8px 0.8px;\">\n\t<\/div>\n\t\t\t\n\n\n\t\t<div class=\"icon-box featured-box icon-box-top text-left\"  >\n\t\t\t\t\t<div class=\"icon-box-img\" style=\"width: 40px\">\n\t\t\t\t<div class=\"icon\">\n\t\t\t\t\t<div class=\"icon-inner\" >\n\t\t\t\t\t\t<img decoding=\"async\" width=\"300\" height=\"298\" src=\"https:\/\/www.acconti.sk\/wp-content\/uploads\/2024\/07\/icons-acconti-18-e1720886725254-300x298.png\" class=\"attachment-medium size-medium\" alt=\"\" srcset=\"https:\/\/www.acconti.sk\/wp-content\/uploads\/2024\/07\/icons-acconti-18-e1720886725254-300x298.png 300w, https:\/\/www.acconti.sk\/wp-content\/uploads\/2024\/07\/icons-acconti-18-e1720886725254-1024x1017.png 1024w, https:\/\/www.acconti.sk\/wp-content\/uploads\/2024\/07\/icons-acconti-18-e1720886725254-150x150.png 150w, https:\/\/www.acconti.sk\/wp-content\/uploads\/2024\/07\/icons-acconti-18-e1720886725254-768x763.png 768w, https:\/\/www.acconti.sk\/wp-content\/uploads\/2024\/07\/icons-acconti-18-e1720886725254.png 1148w\" sizes=\"(max-width: 300px) 100vw, 300px\" \/>\t\t\t\t\t<\/div>\n\t\t\t\t<\/div>\n\t\t\t<\/div>\n\t\t\t\t<div class=\"icon-box-text last-reset\">\n\t\t\t\t\t\t\t\t\t\n\n\t<div id=\"text-4023501587\" class=\"text\">\n\t\t\n\n<h3>VAT Reporting<\/h3>\n\t\t\n<style>\n#text-4023501587 {\n  font-size: 0.85rem;\n}\n<\/style>\n\t<\/div>\n\t\n<p>We offer professional processing and submission of VAT reports, ensuring their accuracy and compliance with current legislation, providing you with confidence in your tax obligations.<\/p>\n\n\t\t<\/div>\n\t<\/div>\n\t\n\t\n\n\t\t<\/div>\n\t\t\t\t\n<style>\n#col-1138964108 > .col-inner {\n  border-radius: 12px;\n}\n<\/style>\n\t<\/div>\n\n\t\n\n\t<div id=\"col-211634250\" class=\"col medium-3 small-6 large-3\"  >\n\t\t\t\t<div class=\"col-inner\"  >\n\t\t\t\n\t<div class=\"is-border\"\n\t\tstyle=\"border-color:rgb(190, 186, 186);border-radius:12px;border-width:0.8px 0.8px 0.8px 0.8px;\">\n\t<\/div>\n\t\t\t\n\n\n\t\t<div class=\"icon-box featured-box icon-box-top text-left\"  >\n\t\t\t\t\t<div class=\"icon-box-img\" style=\"width: 40px\">\n\t\t\t\t<div class=\"icon\">\n\t\t\t\t\t<div class=\"icon-inner\" >\n\t\t\t\t\t\t<img loading=\"lazy\" decoding=\"async\" width=\"300\" height=\"300\" src=\"https:\/\/www.acconti.sk\/wp-content\/uploads\/2024\/07\/icons-01-300x300.png\" class=\"attachment-medium size-medium\" alt=\"\" srcset=\"https:\/\/www.acconti.sk\/wp-content\/uploads\/2024\/07\/icons-01-300x300.png 300w, https:\/\/www.acconti.sk\/wp-content\/uploads\/2024\/07\/icons-01-1024x1024.png 1024w, https:\/\/www.acconti.sk\/wp-content\/uploads\/2024\/07\/icons-01-150x150.png 150w, https:\/\/www.acconti.sk\/wp-content\/uploads\/2024\/07\/icons-01-768x768.png 768w, https:\/\/www.acconti.sk\/wp-content\/uploads\/2024\/07\/icons-01.png 1201w\" sizes=\"(max-width: 300px) 100vw, 300px\" \/>\t\t\t\t\t<\/div>\n\t\t\t\t<\/div>\n\t\t\t<\/div>\n\t\t\t\t<div class=\"icon-box-text last-reset\">\n\t\t\t\t\t\t\t\t\t\n\n\t<div id=\"text-2202140819\" class=\"text\">\n\t\t\n\n<h3>Tax Returns and <br \/>Financial Statements<\/h3>\n\t\t\n<style>\n#text-2202140819 {\n  font-size: 0.85rem;\n}\n<\/style>\n\t<\/div>\n\t\n<p>We provide services for processing tax returns and financial statements, including the preparation and submission of documents in accordance with applicable legislation.<\/p>\n\n\t\t<\/div>\n\t<\/div>\n\t\n\t\n\n\t\t<\/div>\n\t\t\t\t\n<style>\n#col-211634250 > .col-inner {\n  border-radius: 12px;\n}\n<\/style>\n\t<\/div>\n\n\t\n\n\t<div id=\"col-93490450\" class=\"col medium-3 small-6 large-3\"  >\n\t\t\t\t<div class=\"col-inner\"  >\n\t\t\t\n\t<div class=\"is-border\"\n\t\tstyle=\"border-color:rgb(190, 186, 186);border-radius:12px;border-width:0.8px 0.8px 0.8px 0.8px;\">\n\t<\/div>\n\t\t\t\n\n\n\t\t<div class=\"icon-box featured-box icon-box-top text-left\"  >\n\t\t\t\t\t<div class=\"icon-box-img\" style=\"width: 40px\">\n\t\t\t\t<div class=\"icon\">\n\t\t\t\t\t<div class=\"icon-inner\" >\n\t\t\t\t\t\t<img loading=\"lazy\" decoding=\"async\" width=\"300\" height=\"300\" src=\"https:\/\/www.acconti.sk\/wp-content\/uploads\/2024\/07\/icon-7-e1720883906631-300x300.png\" class=\"attachment-medium size-medium\" alt=\"\" srcset=\"https:\/\/www.acconti.sk\/wp-content\/uploads\/2024\/07\/icon-7-e1720883906631-300x300.png 300w, https:\/\/www.acconti.sk\/wp-content\/uploads\/2024\/07\/icon-7-e1720883906631-1024x1022.png 1024w, https:\/\/www.acconti.sk\/wp-content\/uploads\/2024\/07\/icon-7-e1720883906631-150x150.png 150w, https:\/\/www.acconti.sk\/wp-content\/uploads\/2024\/07\/icon-7-e1720883906631-768x767.png 768w, https:\/\/www.acconti.sk\/wp-content\/uploads\/2024\/07\/icon-7-e1720883906631.png 1082w\" sizes=\"(max-width: 300px) 100vw, 300px\" \/>\t\t\t\t\t<\/div>\n\t\t\t\t<\/div>\n\t\t\t<\/div>\n\t\t\t\t<div class=\"icon-box-text last-reset\">\n\t\t\t\t\t\t\t\t\t\n\n\t<div id=\"text-284180644\" class=\"text\">\n\t\t\n\n<h3>Communication with the Tax Authorities<\/h3>\n\t\t\n<style>\n#text-284180644 {\n  font-size: 0.85rem;\n}\n<\/style>\n\t<\/div>\n\t\n<p>We ensure comprehensive representation of clients during tax audits, including communication with the tax authorities and resolving all aspects of tax audits.<\/p>\n\n\t\t<\/div>\n\t<\/div>\n\t\n\t\n\n\t\t<\/div>\n\t\t\t\t\n<style>\n#col-93490450 > .col-inner {\n  border-radius: 12px;\n}\n<\/style>\n\t<\/div>\n\n\t\n\n\n<style>\n#row-286929152 > .col > .col-inner {\n  padding: 18px 10px 18px 17px;\n}\n<\/style>\n<\/div>\n\n\t\t<\/div>\n\n\t\t\n<style>\n#section_1974121205 {\n  padding-top: 10px;\n  padding-bottom: 10px;\n  background-color: rgb(255,255,255);\n}\n<\/style>\n\t<\/section>\n\t\n\n\t<section class=\"section\" id=\"section_1833742999\">\n\t\t<div class=\"section-bg fill\" >\n\t\t\t\t\t\t\t\t\t\n\t\t\t\n\n\t\t<\/div>\n\n\t\t\n\n\t\t<div class=\"section-content relative\">\n\t\t\t\n\n<div class=\"row\"  id=\"row-1121943350\">\n\n\n\t<div id=\"col-581787107\" class=\"col medium-6 small-12 large-6\"  >\n\t\t\t\t<div class=\"col-inner\"  >\n\t\t\t\n\t\t\t\n\n\t<div id=\"text-427168221\" class=\"text\">\n\t\t\n\n<h2>Automated Monthly Reporting on Your Company\u2019s Results<\/h2>\n\t\t\n<style>\n#text-427168221 {\n  font-size: 1.25rem;\n  color: rgb(154, 202, 60);\n}\n#text-427168221 > * {\n  color: rgb(154, 202, 60);\n}\n<\/style>\n\t<\/div>\n\t\n\n\t\t<\/div>\n\t\t\t\t\t<\/div>\n\n\t\n\n\t<div id=\"col-1074244312\" class=\"col medium-6 small-12 large-6\"  >\n\t\t\t\t<div class=\"col-inner\"  >\n\t\t\t\n\t\t\t\n\n<p>Automated reporting includes key information about your main business partners, cash flow trends, projected results, and tax liabilities.<\/p>\n<p>Additionally, we offer online accounting management, allowing data sharing between the accountant and your company. Your clients can access our accounting system via our server, or we can connect to the client\u2019s server.<\/p>\n<p>Stay connected with your accountant on one platform, where you have the same access to information.<\/p>\n\n\t\t<\/div>\n\t\t\t\t\t<\/div>\n\n\t\n\n<\/div>\n\n\t\t<\/div>\n\n\t\t\n<style>\n#section_1833742999 {\n  padding-top: 40px;\n  padding-bottom: 40px;\n  margin-bottom: -20px;\n  background-color: rgb(255,255,255);\n}\n<\/style>\n\t<\/section>","protected":false},"excerpt":{"rendered":"","protected":false},"author":13,"featured_media":0,"parent":0,"menu_order":0,"comment_status":"closed","ping_status":"closed","template":"page-transparent-header.php","meta":{"footnotes":""},"class_list":["post-886","page","type-page","status-publish","hentry"],"yoast_head":"<!-- This site is optimized with the Yoast SEO plugin v25.5 - https:\/\/yoast.com\/wordpress\/plugins\/seo\/ -->\n<title>Vedenie \u00fa\u010dtovn\u00edctva - \u00fa\u010dtovn\u00edcka a mzdov\u00e1 agenda<\/title>\n<meta name=\"robots\" content=\"index, follow, max-snippet:-1, max-image-preview:large, max-video-preview:-1\" \/>\n<link rel=\"canonical\" href=\"https:\/\/www.acconti.sk\/en\/vedenie-uctovnictva\/\" \/>\n<meta property=\"og:locale\" content=\"en_US\" \/>\n<meta property=\"og:type\" content=\"article\" \/>\n<meta property=\"og:title\" content=\"Vedenie \u00fa\u010dtovn\u00edctva - \u00fa\u010dtovn\u00edcka a mzdov\u00e1 agenda\" \/>\n<meta property=\"og:url\" content=\"https:\/\/www.acconti.sk\/en\/vedenie-uctovnictva\/\" \/>\n<meta property=\"og:site_name\" content=\"\u00fa\u010dtovn\u00edcka a mzdov\u00e1 agenda\" \/>\n<meta property=\"article:modified_time\" content=\"2024-09-09T07:04:20+00:00\" \/>\n<meta name=\"twitter:card\" content=\"summary_large_image\" \/>\n<script type=\"application\/ld+json\" class=\"yoast-schema-graph\">{\"@context\":\"https:\/\/schema.org\",\"@graph\":[{\"@type\":\"WebPage\",\"@id\":\"https:\/\/www.acconti.sk\/vedenie-uctovnictva\/\",\"url\":\"https:\/\/www.acconti.sk\/vedenie-uctovnictva\/\",\"name\":\"Vedenie \u00fa\u010dtovn\u00edctva - \u00fa\u010dtovn\u00edcka a mzdov\u00e1 agenda\",\"isPartOf\":{\"@id\":\"https:\/\/www.acconti.sk\/#website\"},\"datePublished\":\"2024-07-08T01:46:33+00:00\",\"dateModified\":\"2024-09-09T07:04:20+00:00\",\"breadcrumb\":{\"@id\":\"https:\/\/www.acconti.sk\/vedenie-uctovnictva\/#breadcrumb\"},\"inLanguage\":\"en-US\",\"potentialAction\":[{\"@type\":\"ReadAction\",\"target\":[\"https:\/\/www.acconti.sk\/vedenie-uctovnictva\/\"]}]},{\"@type\":\"BreadcrumbList\",\"@id\":\"https:\/\/www.acconti.sk\/vedenie-uctovnictva\/#breadcrumb\",\"itemListElement\":[{\"@type\":\"ListItem\",\"position\":1,\"name\":\"Home\",\"item\":\"https:\/\/www.acconti.sk\/\"},{\"@type\":\"ListItem\",\"position\":2,\"name\":\"Vedenie \u00fa\u010dtovn\u00edctva\"}]},{\"@type\":\"WebSite\",\"@id\":\"https:\/\/www.acconti.sk\/#website\",\"url\":\"https:\/\/www.acconti.sk\/\",\"name\":\"\u00fa\u010dtovn\u00edcka a mzdov\u00e1 agenda\",\"description\":\"\",\"potentialAction\":[{\"@type\":\"SearchAction\",\"target\":{\"@type\":\"EntryPoint\",\"urlTemplate\":\"https:\/\/www.acconti.sk\/?s={search_term_string}\"},\"query-input\":{\"@type\":\"PropertyValueSpecification\",\"valueRequired\":true,\"valueName\":\"search_term_string\"}}],\"inLanguage\":\"en-US\"}]}<\/script>\n<!-- \/ Yoast SEO plugin. -->","yoast_head_json":{"title":"Vedenie \u00fa\u010dtovn\u00edctva - \u00fa\u010dtovn\u00edcka a mzdov\u00e1 agenda","robots":{"index":"index","follow":"follow","max-snippet":"max-snippet:-1","max-image-preview":"max-image-preview:large","max-video-preview":"max-video-preview:-1"},"canonical":"https:\/\/www.acconti.sk\/en\/vedenie-uctovnictva\/","og_locale":"en_US","og_type":"article","og_title":"Vedenie \u00fa\u010dtovn\u00edctva - \u00fa\u010dtovn\u00edcka a mzdov\u00e1 agenda","og_url":"https:\/\/www.acconti.sk\/en\/vedenie-uctovnictva\/","og_site_name":"\u00fa\u010dtovn\u00edcka a mzdov\u00e1 agenda","article_modified_time":"2024-09-09T07:04:20+00:00","twitter_card":"summary_large_image","schema":{"@context":"https:\/\/schema.org","@graph":[{"@type":"WebPage","@id":"https:\/\/www.acconti.sk\/vedenie-uctovnictva\/","url":"https:\/\/www.acconti.sk\/vedenie-uctovnictva\/","name":"Vedenie \u00fa\u010dtovn\u00edctva - \u00fa\u010dtovn\u00edcka a mzdov\u00e1 agenda","isPartOf":{"@id":"https:\/\/www.acconti.sk\/#website"},"datePublished":"2024-07-08T01:46:33+00:00","dateModified":"2024-09-09T07:04:20+00:00","breadcrumb":{"@id":"https:\/\/www.acconti.sk\/vedenie-uctovnictva\/#breadcrumb"},"inLanguage":"en-US","potentialAction":[{"@type":"ReadAction","target":["https:\/\/www.acconti.sk\/vedenie-uctovnictva\/"]}]},{"@type":"BreadcrumbList","@id":"https:\/\/www.acconti.sk\/vedenie-uctovnictva\/#breadcrumb","itemListElement":[{"@type":"ListItem","position":1,"name":"Home","item":"https:\/\/www.acconti.sk\/"},{"@type":"ListItem","position":2,"name":"Vedenie \u00fa\u010dtovn\u00edctva"}]},{"@type":"WebSite","@id":"https:\/\/www.acconti.sk\/#website","url":"https:\/\/www.acconti.sk\/","name":"\u00fa\u010dtovn\u00edcka a mzdov\u00e1 agenda","description":"","potentialAction":[{"@type":"SearchAction","target":{"@type":"EntryPoint","urlTemplate":"https:\/\/www.acconti.sk\/?s={search_term_string}"},"query-input":{"@type":"PropertyValueSpecification","valueRequired":true,"valueName":"search_term_string"}}],"inLanguage":"en-US"}]}},"_links":{"self":[{"href":"https:\/\/www.acconti.sk\/en\/wp-json\/wp\/v2\/pages\/886","targetHints":{"allow":["GET"]}}],"collection":[{"href":"https:\/\/www.acconti.sk\/en\/wp-json\/wp\/v2\/pages"}],"about":[{"href":"https:\/\/www.acconti.sk\/en\/wp-json\/wp\/v2\/types\/page"}],"author":[{"embeddable":true,"href":"https:\/\/www.acconti.sk\/en\/wp-json\/wp\/v2\/users\/13"}],"replies":[{"embeddable":true,"href":"https:\/\/www.acconti.sk\/en\/wp-json\/wp\/v2\/comments?post=886"}],"version-history":[{"count":0,"href":"https:\/\/www.acconti.sk\/en\/wp-json\/wp\/v2\/pages\/886\/revisions"}],"wp:attachment":[{"href":"https:\/\/www.acconti.sk\/en\/wp-json\/wp\/v2\/media?parent=886"}],"curies":[{"name":"wp","href":"https:\/\/api.w.org\/{rel}","templated":true}]}}