{"id":892,"date":"2024-07-08T03:51:16","date_gmt":"2024-07-08T01:51:16","guid":{"rendered":"https:\/\/www.acconti.sk\/?page_id=892"},"modified":"2024-08-15T14:23:34","modified_gmt":"2024-08-15T12:23:34","slug":"danove-poradenstvo","status":"publish","type":"page","link":"https:\/\/www.acconti.sk\/cs\/danove-poradenstvo\/","title":{"rendered":"Da\u0148ov\u00e9 poradenstv\u00ed"},"content":{"rendered":"<section class=\"section\" id=\"section_2045617823\">\n\t\t<div class=\"section-bg fill\" >\n\t\t\t\t\t\t\t\t\t\n\t\t\t\n\n\t\t<\/div>\n\n\t\t\n\n\t\t<div class=\"section-content relative\">\n\t\t\t\n\n<div class=\"row\"  id=\"row-1529860978\">\n\n\n\t<div id=\"col-566750880\" class=\"col small-12 large-12\"  >\n\t\t\t\t<div class=\"col-inner\"  >\n\t\t\t\n\t\t\t\n\n\n  <div class=\"banner has-hover\" id=\"banner-162754514\">\n          <div class=\"banner-inner fill\">\n        <div class=\"banner-bg fill\" >\n            <img fetchpriority=\"high\" decoding=\"async\" width=\"2560\" height=\"1707\" src=\"https:\/\/www.acconti.sk\/wp-content\/uploads\/2024\/07\/funny-moment-scaled.jpg\" class=\"bg attachment-original size-original\" alt=\"Odborn\u00e9 poradenstvo t\u00fdkaj\u00face sa da\u0148ovej problematiky\" \/>                        <div class=\"overlay\"><\/div>            \n                    <\/div>\n\t\t\n        <div class=\"banner-layers container\">\n            <div class=\"fill banner-link\"><\/div>            \n\n   <div id=\"text-box-157635470\" class=\"text-box banner-layer x50 md-x50 lg-x50 y50 md-y50 lg-y50 res-text\">\n                                <div class=\"text-box-content text dark\">\n              \n              <div class=\"text-inner text-center\">\n                  \n\n\t<div id=\"text-1470371114\" class=\"text\">\n\t\t\n\n<h6>Da\u0148ov\u00e9 poradenstv\u00ed<\/h6>\n\t\t\n<style>\n#text-1470371114 {\n  text-align: left;\n}\n<\/style>\n\t<\/div>\n\t\n\t<div id=\"text-42277666\" class=\"text\">\n\t\t\n\n<h2>Odborn\u00e9 veden\u00ed pro va\u0161e podnik\u00e1n\u00ed<\/h2>\n\t\t\n<style>\n#text-42277666 {\n  text-align: left;\n}\n<\/style>\n\t<\/div>\n\t\n\n              <\/div>\n           <\/div>\n                            \n<style>\n#text-box-157635470 {\n  width: 84%;\n}\n#text-box-157635470 .text-box-content {\n  font-size: 100%;\n}\n<\/style>\n    <\/div>\n \n\n        <\/div>\n      <\/div>\n\n            \n<style>\n#banner-162754514 {\n  padding-top: 500px;\n  background-color: rgb(255,255,255);\n}\n#banner-162754514 .overlay {\n  background-color: rgba(4, 4, 4, 0.14);\n}\n#banner-162754514 .banner-bg img {\n  object-position: 0% 32%;\n}\n<\/style>\n  <\/div>\n\n\n\n\t\t<\/div>\n\t\t\t\t\t<\/div>\n\n\t\n\n<\/div>\n\n\t\t<\/div>\n\n\t\t\n<style>\n#section_2045617823 {\n  padding-top: 70pt;\n  padding-bottom: 70pt;\n  margin-bottom: -40pt;\n  background-color: rgb(255,255,255);\n}\n<\/style>\n\t<\/section>\n\t\n\n\t<section class=\"section\" id=\"section_1130323008\">\n\t\t<div class=\"section-bg fill\" >\n\t\t\t\t\t\t\t\t\t\n\t\t\t\n\n\t\t<\/div>\n\n\t\t\n\n\t\t<div class=\"section-content relative\">\n\t\t\t\n\n<div class=\"row\"  id=\"row-1934674040\">\n\n\n\t<div id=\"col-1116644420\" class=\"col medium-6 small-12 large-6\"  >\n\t\t\t\t<div class=\"col-inner\"  >\n\t\t\t\n\t\t\t\n\n\t<div id=\"text-4019051366\" class=\"text\">\n\t\t\n\n<h2>Nab\u00edz\u00edme v\u00e1m komplexn\u00ed da\u0148ov\u00e9 poradenstv\u00ed<\/h2>\n\t\t\n<style>\n#text-4019051366 {\n  font-size: 1.4rem;\n  color: #9aca3c;\n}\n#text-4019051366 > * {\n  color: #9aca3c;\n}\n<\/style>\n\t<\/div>\n\t\n\n\t\t<\/div>\n\t\t\t\t\t<\/div>\n\n\t\n\n\t<div id=\"col-1755702396\" class=\"col medium-6 small-12 large-6\"  >\n\t\t\t\t<div class=\"col-inner\"  >\n\t\t\t\n\t\t\t\n\n<p>V na\u0161em da\u0148ov\u00e9m poradenstv\u00ed poskytujeme odborn\u00e9 veden\u00ed, kter\u00e9 je \u0161it\u00e9 na m\u00edru pro va\u0161e podnik\u00e1n\u00ed. Pom\u00e1h\u00e1me v\u00e1m s optimalizac\u00ed da\u0148ov\u00fdch povinnost\u00ed, abyste dosahovali maxim\u00e1ln\u00ed efektivity a minimalizovali rizika.<\/p>\n<p>S na\u0161\u00edm zku\u0161en\u00fdm t\u00fdmem z\u00edsk\u00e1te p\u0159esn\u00e9 a aktu\u00e1ln\u00ed informace o da\u0148ov\u00fdch z\u00e1konech a jejich aplikaci, co\u017e v\u00e1m umo\u017en\u00ed strategicky \u0159\u00eddit va\u0161e finan\u010dn\u00ed prost\u0159edky a pl\u00e1novat budoucnost va\u0161eho podnik\u00e1n\u00ed s jistotou a bezpe\u010dnost\u00ed.<\/p>\n\n\t\t<\/div>\n\t\t\t\t\t<\/div>\n\n\t\n\n<\/div>\n\t<div id=\"gap-466935098\" class=\"gap-element clearfix\" style=\"display:block; height:auto;\">\n\t\t\n<style>\n#gap-466935098 {\n  padding-top: 10px;\n}\n<\/style>\n\t<\/div>\n\t\n\n\n\t\t<\/div>\n\n\t\t\n<style>\n#section_1130323008 {\n  padding-top: 10px;\n  padding-bottom: 10px;\n  margin-bottom: 20px;\n  background-color: rgb(255,255,255);\n}\n<\/style>\n\t<\/section>","protected":false},"excerpt":{"rendered":"","protected":false},"author":13,"featured_media":0,"parent":0,"menu_order":0,"comment_status":"closed","ping_status":"closed","template":"page-transparent-header.php","meta":{"footnotes":""},"class_list":["post-892","page","type-page","status-publish","hentry"],"yoast_head":"<!-- This site is optimized with the Yoast SEO plugin v25.5 - https:\/\/yoast.com\/wordpress\/plugins\/seo\/ -->\n<title>Da\u0148ov\u00e9 poradenstvo - \u00fa\u010dtovn\u00edcka a mzdov\u00e1 agenda<\/title>\n<meta name=\"robots\" content=\"index, follow, max-snippet:-1, max-image-preview:large, max-video-preview:-1\" \/>\n<link rel=\"canonical\" href=\"https:\/\/www.acconti.sk\/cs\/danove-poradenstvo\/\" \/>\n<meta property=\"og:locale\" content=\"cs_CZ\" \/>\n<meta property=\"og:type\" content=\"article\" \/>\n<meta property=\"og:title\" content=\"Da\u0148ov\u00e9 poradenstvo - \u00fa\u010dtovn\u00edcka a mzdov\u00e1 agenda\" \/>\n<meta property=\"og:url\" content=\"https:\/\/www.acconti.sk\/cs\/danove-poradenstvo\/\" \/>\n<meta property=\"og:site_name\" content=\"\u00fa\u010dtovn\u00edcka a mzdov\u00e1 agenda\" \/>\n<meta property=\"article:modified_time\" content=\"2024-08-15T12:23:34+00:00\" \/>\n<meta name=\"twitter:card\" content=\"summary_large_image\" \/>\n<script type=\"application\/ld+json\" class=\"yoast-schema-graph\">{\"@context\":\"https:\/\/schema.org\",\"@graph\":[{\"@type\":\"WebPage\",\"@id\":\"https:\/\/www.acconti.sk\/en\/danove-poradenstvo\/\",\"url\":\"https:\/\/www.acconti.sk\/en\/danove-poradenstvo\/\",\"name\":\"Da\u0148ov\u00e9 poradenstvo - \u00fa\u010dtovn\u00edcka a mzdov\u00e1 agenda\",\"isPartOf\":{\"@id\":\"https:\/\/www.acconti.sk\/#website\"},\"datePublished\":\"2024-07-08T01:51:16+00:00\",\"dateModified\":\"2024-08-15T12:23:34+00:00\",\"breadcrumb\":{\"@id\":\"https:\/\/www.acconti.sk\/en\/danove-poradenstvo\/#breadcrumb\"},\"inLanguage\":\"cs\",\"potentialAction\":[{\"@type\":\"ReadAction\",\"target\":[\"https:\/\/www.acconti.sk\/en\/danove-poradenstvo\/\"]}]},{\"@type\":\"BreadcrumbList\",\"@id\":\"https:\/\/www.acconti.sk\/en\/danove-poradenstvo\/#breadcrumb\",\"itemListElement\":[{\"@type\":\"ListItem\",\"position\":1,\"name\":\"Home\",\"item\":\"https:\/\/www.acconti.sk\/\"},{\"@type\":\"ListItem\",\"position\":2,\"name\":\"Da\u0148ov\u00e9 poradenstvo\"}]},{\"@type\":\"WebSite\",\"@id\":\"https:\/\/www.acconti.sk\/#website\",\"url\":\"https:\/\/www.acconti.sk\/\",\"name\":\"\u00fa\u010dtovn\u00edcka a mzdov\u00e1 agenda\",\"description\":\"\",\"potentialAction\":[{\"@type\":\"SearchAction\",\"target\":{\"@type\":\"EntryPoint\",\"urlTemplate\":\"https:\/\/www.acconti.sk\/?s={search_term_string}\"},\"query-input\":{\"@type\":\"PropertyValueSpecification\",\"valueRequired\":true,\"valueName\":\"search_term_string\"}}],\"inLanguage\":\"cs\"}]}<\/script>\n<!-- \/ Yoast SEO plugin. -->","yoast_head_json":{"title":"Da\u0148ov\u00e9 poradenstvo - \u00fa\u010dtovn\u00edcka a mzdov\u00e1 agenda","robots":{"index":"index","follow":"follow","max-snippet":"max-snippet:-1","max-image-preview":"max-image-preview:large","max-video-preview":"max-video-preview:-1"},"canonical":"https:\/\/www.acconti.sk\/cs\/danove-poradenstvo\/","og_locale":"cs_CZ","og_type":"article","og_title":"Da\u0148ov\u00e9 poradenstvo - \u00fa\u010dtovn\u00edcka a mzdov\u00e1 agenda","og_url":"https:\/\/www.acconti.sk\/cs\/danove-poradenstvo\/","og_site_name":"\u00fa\u010dtovn\u00edcka a mzdov\u00e1 agenda","article_modified_time":"2024-08-15T12:23:34+00:00","twitter_card":"summary_large_image","schema":{"@context":"https:\/\/schema.org","@graph":[{"@type":"WebPage","@id":"https:\/\/www.acconti.sk\/en\/danove-poradenstvo\/","url":"https:\/\/www.acconti.sk\/en\/danove-poradenstvo\/","name":"Da\u0148ov\u00e9 poradenstvo - \u00fa\u010dtovn\u00edcka a mzdov\u00e1 agenda","isPartOf":{"@id":"https:\/\/www.acconti.sk\/#website"},"datePublished":"2024-07-08T01:51:16+00:00","dateModified":"2024-08-15T12:23:34+00:00","breadcrumb":{"@id":"https:\/\/www.acconti.sk\/en\/danove-poradenstvo\/#breadcrumb"},"inLanguage":"cs","potentialAction":[{"@type":"ReadAction","target":["https:\/\/www.acconti.sk\/en\/danove-poradenstvo\/"]}]},{"@type":"BreadcrumbList","@id":"https:\/\/www.acconti.sk\/en\/danove-poradenstvo\/#breadcrumb","itemListElement":[{"@type":"ListItem","position":1,"name":"Home","item":"https:\/\/www.acconti.sk\/"},{"@type":"ListItem","position":2,"name":"Da\u0148ov\u00e9 poradenstvo"}]},{"@type":"WebSite","@id":"https:\/\/www.acconti.sk\/#website","url":"https:\/\/www.acconti.sk\/","name":"\u00fa\u010dtovn\u00edcka a mzdov\u00e1 agenda","description":"","potentialAction":[{"@type":"SearchAction","target":{"@type":"EntryPoint","urlTemplate":"https:\/\/www.acconti.sk\/?s={search_term_string}"},"query-input":{"@type":"PropertyValueSpecification","valueRequired":true,"valueName":"search_term_string"}}],"inLanguage":"cs"}]}},"_links":{"self":[{"href":"https:\/\/www.acconti.sk\/cs\/wp-json\/wp\/v2\/pages\/892","targetHints":{"allow":["GET"]}}],"collection":[{"href":"https:\/\/www.acconti.sk\/cs\/wp-json\/wp\/v2\/pages"}],"about":[{"href":"https:\/\/www.acconti.sk\/cs\/wp-json\/wp\/v2\/types\/page"}],"author":[{"embeddable":true,"href":"https:\/\/www.acconti.sk\/cs\/wp-json\/wp\/v2\/users\/13"}],"replies":[{"embeddable":true,"href":"https:\/\/www.acconti.sk\/cs\/wp-json\/wp\/v2\/comments?post=892"}],"version-history":[{"count":0,"href":"https:\/\/www.acconti.sk\/cs\/wp-json\/wp\/v2\/pages\/892\/revisions"}],"wp:attachment":[{"href":"https:\/\/www.acconti.sk\/cs\/wp-json\/wp\/v2\/media?parent=892"}],"curies":[{"name":"wp","href":"https:\/\/api.w.org\/{rel}","templated":true}]}}