{"id":889,"date":"2024-07-08T03:49:00","date_gmt":"2024-07-08T01:49:00","guid":{"rendered":"https:\/\/www.acconti.sk\/?page_id=889"},"modified":"2024-08-02T11:36:03","modified_gmt":"2024-08-02T09:36:03","slug":"virtualna-asistentka","status":"publish","type":"page","link":"https:\/\/www.acconti.sk\/cs\/virtualna-asistentka\/","title":{"rendered":"Virtu\u00e1ln\u00ed asistentka"},"content":{"rendered":"<section class=\"section\" id=\"section_2094362153\">\n\t\t<div class=\"section-bg fill\" >\n\t\t\t\t\t\t\t\t\t\n\t\t\t\n\n\t\t<\/div>\n\n\t\t\n\n\t\t<div class=\"section-content relative\">\n\t\t\t\n\n<div class=\"row\"  id=\"row-276163244\">\n\n\n\t<div id=\"col-1065078110\" class=\"col small-12 large-12\"  >\n\t\t\t\t<div class=\"col-inner\"  >\n\t\t\t\n\t\t\t\n\n\n  <div class=\"banner has-hover\" id=\"banner-479339895\">\n          <div class=\"banner-inner fill\">\n        <div class=\"banner-bg fill\" >\n            <img fetchpriority=\"high\" decoding=\"async\" width=\"2560\" height=\"1707\" src=\"https:\/\/www.acconti.sk\/wp-content\/uploads\/2024\/06\/close-up-woman-working-laptop-scaled.jpg\" class=\"bg attachment-original size-original\" alt=\"Profesion\u00e1lna komunik\u00e1cia s virtu\u00e1lnou asistentkou\" \/>                        <div class=\"overlay\"><\/div>            \n                    <\/div>\n\t\t\n        <div class=\"banner-layers container\">\n            <div class=\"fill banner-link\"><\/div>            \n\n   <div id=\"text-box-1341770469\" class=\"text-box banner-layer x50 md-x50 lg-x50 y50 md-y50 lg-y50 res-text\">\n                                <div class=\"text-box-content text dark\">\n              \n              <div class=\"text-inner text-center\">\n                  \n\n<h6 style=\"text-align: left;\">Virtu\u00e1ln\u00ed asistentka<\/h6>\n\t<div id=\"text-3907495060\" class=\"text\">\n\t\t\n\n<h2>Delegujte n\u00e1m administrativn\u00ed \u00fakoly<\/h2>\n\t\t\n<style>\n#text-3907495060 {\n  text-align: left;\n}\n<\/style>\n\t<\/div>\n\t\n\n              <\/div>\n           <\/div>\n                            \n<style>\n#text-box-1341770469 {\n  width: 84%;\n}\n#text-box-1341770469 .text-box-content {\n  font-size: 100%;\n}\n<\/style>\n    <\/div>\n \n\n        <\/div>\n      <\/div>\n\n            \n<style>\n#banner-479339895 {\n  padding-top: 500px;\n  background-color: rgb(255,255,255);\n}\n#banner-479339895 .overlay {\n  background-color: rgba(0, 0, 0, 0.198);\n}\n#banner-479339895 .banner-bg img {\n  object-position: 0% 30%;\n}\n<\/style>\n  <\/div>\n\n\n\n\t\t<\/div>\n\t\t\t\t\t<\/div>\n\n\t\n\n<\/div>\n\n\t\t<\/div>\n\n\t\t\n<style>\n#section_2094362153 {\n  padding-top: 70pt;\n  padding-bottom: 70pt;\n  margin-bottom: -40pt;\n  background-color: rgb(255,255,255);\n}\n<\/style>\n\t<\/section>\n\t\n\n\t<section class=\"section\" id=\"section_957593920\">\n\t\t<div class=\"section-bg fill\" >\n\t\t\t\t\t\t\t\t\t\n\t\t\t\n\n\t\t<\/div>\n\n\t\t\n\n\t\t<div class=\"section-content relative\">\n\t\t\t\n\n<div class=\"row align-middle\"  id=\"row-129406965\">\n\n\n\t<div id=\"col-1102307115\" class=\"col medium-6 small-12 large-6\"  >\n\t\t\t\t<div class=\"col-inner\"  >\n\t\t\t\n\t\t\t\n\n\t<div id=\"text-1337781252\" class=\"text\">\n\t\t\n\n<h2>Va\u0161e cesta k efektivn\u00edmu \u0159\u00edzen\u00ed \u010dasu a \u00fakol\u016f<\/h2>\n\t\t\n<style>\n#text-1337781252 {\n  font-size: 1.4rem;\n}\n<\/style>\n\t<\/div>\n\t\n<a href=\"https:\/\/www.acconti.sk\/cs\/kontakt\/\" class=\"button primary\"  style=\"border-radius:6px;\">\n\t\t<span>Seznamte se s na\u0161\u00ed asistentkou<\/span>\n\t<\/a>\n\n\n\n\t\t<\/div>\n\t\t\t\t\t<\/div>\n\n\t\n\n\t<div id=\"col-206574288\" class=\"col medium-6 small-12 large-6\"  >\n\t\t\t\t<div class=\"col-inner\"  >\n\t\t\t\n\t\t\t\n\n<p>Pomozte si sn\u00ed\u017eit pracovn\u00ed z\u00e1t\u011b\u017e a n\u00e1klady s pomoc\u00ed virtu\u00e1ln\u00ed asistentky efektivn\u00edm zp\u016fsobem.<\/p>\n<p>\u00dakoly, kter\u00e9 obvykle delegujete sekret\u00e1\u0159ce nebo osobn\u00ed asistentce, lze efektivn\u011b vykon\u00e1vat mimo kancel\u00e1\u0159. Virtu\u00e1ln\u00ed asistentka v\u00e1m pom\u00e1h\u00e1 online, co\u017e v\u00e1m umo\u017e\u0148uje flexibiln\u011b \u0159e\u0161it va\u0161e pot\u0159eby a \u00fakoly, nez\u00e1visle na fyzick\u00e9 p\u0159\u00edtomnosti.<\/p>\n\n\t\t<\/div>\n\t\t\t\t\t<\/div>\n\n\t\n\n\n<style>\n#row-129406965 > .col > .col-inner {\n  padding: 0px 0px 30px 0px;\n}\n<\/style>\n<\/div>\n<div class=\"row row-small\"  id=\"row-656747866\">\n\n\n\t<div id=\"col-2031020791\" class=\"col medium-3 small-6 large-3\"  >\n\t\t\t\t<div class=\"col-inner\"  >\n\t\t\t\n\t<div class=\"is-border\"\n\t\tstyle=\"border-color:rgb(190, 186, 186);border-radius:12px;border-width:0.8px 0.8px 0.8px 0.8px;\">\n\t<\/div>\n\t\t\t\n\n\n\t\t<div class=\"icon-box featured-box icon-box-top text-left\"  >\n\t\t\t\t\t<div class=\"icon-box-img\" style=\"width: 40px\">\n\t\t\t\t<div class=\"icon\">\n\t\t\t\t\t<div class=\"icon-inner\" >\n\t\t\t\t\t\t<img decoding=\"async\" width=\"300\" height=\"300\" src=\"https:\/\/www.acconti.sk\/wp-content\/uploads\/2024\/07\/icons-acconti-15-300x300.png\" class=\"attachment-medium size-medium\" alt=\"\" srcset=\"https:\/\/www.acconti.sk\/wp-content\/uploads\/2024\/07\/icons-acconti-15-300x300.png 300w, https:\/\/www.acconti.sk\/wp-content\/uploads\/2024\/07\/icons-acconti-15-1024x1024.png 1024w, https:\/\/www.acconti.sk\/wp-content\/uploads\/2024\/07\/icons-acconti-15-150x150.png 150w, https:\/\/www.acconti.sk\/wp-content\/uploads\/2024\/07\/icons-acconti-15-768x768.png 768w, https:\/\/www.acconti.sk\/wp-content\/uploads\/2024\/07\/icons-acconti-15.png 1201w\" sizes=\"(max-width: 300px) 100vw, 300px\" \/>\t\t\t\t\t<\/div>\n\t\t\t\t<\/div>\n\t\t\t<\/div>\n\t\t\t\t<div class=\"icon-box-text last-reset\">\n\t\t\t\t\t\t\t\t\t\n\n\t<div id=\"text-3384403924\" class=\"text\">\n\t\t\n\n<h3>Pomoc s personalistikou\u00a0<\/h3>\n\t\t\n<style>\n#text-3384403924 {\n  font-size: 0.85rem;\n}\n<\/style>\n\t<\/div>\n\t\n<p>Poskytujeme komplexn\u00ed pomoc v oblasti personalistiky, zahrnuj\u00edc\u00ed n\u00e1bor nov\u00fdch talent\u016f a efektivn\u00ed \u0159\u00edzen\u00ed managementu lidsk\u00fdch zdroj\u016f. Postar\u00e1me se o ve\u0161kerou administrativu.<\/p>\n\n\t\t<\/div>\n\t<\/div>\n\t\n\t\n\n\t\t<\/div>\n\t\t\t\t\n<style>\n#col-2031020791 > .col-inner {\n  border-radius: 12px;\n}\n<\/style>\n\t<\/div>\n\n\t\n\n\t<div id=\"col-967065317\" class=\"col medium-3 small-6 large-3\"  >\n\t\t\t\t<div class=\"col-inner\"  >\n\t\t\t\n\t<div class=\"is-border\"\n\t\tstyle=\"border-color:rgb(190, 186, 186);border-radius:12px;border-width:0.8px 0.8px 0.8px 0.8px;\">\n\t<\/div>\n\t\t\t\n\n\n\t\t<div class=\"icon-box featured-box icon-box-top text-left\"  >\n\t\t\t\t\t<div class=\"icon-box-img\" style=\"width: 40px\">\n\t\t\t\t<div class=\"icon\">\n\t\t\t\t\t<div class=\"icon-inner\" >\n\t\t\t\t\t\t<img decoding=\"async\" width=\"300\" height=\"300\" src=\"https:\/\/www.acconti.sk\/wp-content\/uploads\/2024\/07\/icons-acconti-14-300x300.png\" class=\"attachment-medium size-medium\" alt=\"\" srcset=\"https:\/\/www.acconti.sk\/wp-content\/uploads\/2024\/07\/icons-acconti-14-300x300.png 300w, https:\/\/www.acconti.sk\/wp-content\/uploads\/2024\/07\/icons-acconti-14-1024x1024.png 1024w, https:\/\/www.acconti.sk\/wp-content\/uploads\/2024\/07\/icons-acconti-14-150x150.png 150w, https:\/\/www.acconti.sk\/wp-content\/uploads\/2024\/07\/icons-acconti-14-768x768.png 768w, https:\/\/www.acconti.sk\/wp-content\/uploads\/2024\/07\/icons-acconti-14.png 1201w\" sizes=\"(max-width: 300px) 100vw, 300px\" \/>\t\t\t\t\t<\/div>\n\t\t\t\t<\/div>\n\t\t\t<\/div>\n\t\t\t\t<div class=\"icon-box-text last-reset\">\n\t\t\t\t\t\t\t\t\t\n\n\t<div id=\"text-2170625044\" class=\"text\">\n\t\t\n\n<h3>Tvorba z\u00e1kladn\u00ed dokumentace pro firmu\u00a0<\/h3>\n\t\t\n<style>\n#text-2170625044 {\n  font-size: 0.85rem;\n}\n<\/style>\n\t<\/div>\n\t\n<p>N\u00e1\u0161 t\u00fdm se specializuje na tvorbu z\u00e1kladn\u00edch pr\u00e1vn\u00edch dokument\u016f pro va\u0161i firmu, v\u010detn\u011b pracovn\u00edch smluv, firemn\u00edch sm\u011brnic a nejb\u011b\u017en\u011bj\u0161\u00edch obchodn\u00edch smluv.\u00a0<\/p>\n\n\t\t<\/div>\n\t<\/div>\n\t\n\t\n\n\t\t<\/div>\n\t\t\t\t\n<style>\n#col-967065317 > .col-inner {\n  border-radius: 12px;\n}\n<\/style>\n\t<\/div>\n\n\t\n\n\t<div id=\"col-45776451\" class=\"col medium-3 small-6 large-3\"  >\n\t\t\t\t<div class=\"col-inner\"  >\n\t\t\t\n\t<div class=\"is-border\"\n\t\tstyle=\"border-color:rgb(190, 186, 186);border-radius:12px;border-width:0.8px 0.8px 0.8px 0.8px;\">\n\t<\/div>\n\t\t\t\n\n\n\t\t<div class=\"icon-box featured-box icon-box-top text-left\"  >\n\t\t\t\t\t<div class=\"icon-box-img\" style=\"width: 40px\">\n\t\t\t\t<div class=\"icon\">\n\t\t\t\t\t<div class=\"icon-inner\" >\n\t\t\t\t\t\t<img loading=\"lazy\" decoding=\"async\" width=\"300\" height=\"300\" src=\"https:\/\/www.acconti.sk\/wp-content\/uploads\/2024\/07\/icons-10-300x300.png\" class=\"attachment-medium size-medium\" alt=\"\" srcset=\"https:\/\/www.acconti.sk\/wp-content\/uploads\/2024\/07\/icons-10-300x300.png 300w, https:\/\/www.acconti.sk\/wp-content\/uploads\/2024\/07\/icons-10-1024x1024.png 1024w, https:\/\/www.acconti.sk\/wp-content\/uploads\/2024\/07\/icons-10-150x150.png 150w, https:\/\/www.acconti.sk\/wp-content\/uploads\/2024\/07\/icons-10-768x768.png 768w, https:\/\/www.acconti.sk\/wp-content\/uploads\/2024\/07\/icons-10.png 1201w\" sizes=\"(max-width: 300px) 100vw, 300px\" \/>\t\t\t\t\t<\/div>\n\t\t\t\t<\/div>\n\t\t\t<\/div>\n\t\t\t\t<div class=\"icon-box-text last-reset\">\n\t\t\t\t\t\t\t\t\t\n\n\t<div id=\"text-1673855825\" class=\"text\">\n\t\t\n\n<h3>Komunikace s partnery<\/h3>\n\t\t\n<style>\n#text-1673855825 {\n  font-size: 0.85rem;\n}\n<\/style>\n\t<\/div>\n\t\n<p>Zajist\u00edme efektivn\u00ed spr\u00e1vu va\u0161eho kalend\u00e1\u0159e, e-mailov\u00e9 komunikace a z\u00e1pis\u016f ze sch\u016fzek. Organizujeme sch\u016fzky a koordinujeme v\u00e1\u0161 t\u00fdm, abyste se mohli pln\u011b v\u011bnovat r\u016fstu va\u0161eho podnik\u00e1n\u00ed.<\/p>\n\n\t\t<\/div>\n\t<\/div>\n\t\n\t\n\n\t\t<\/div>\n\t\t\t\t\n<style>\n#col-45776451 > .col-inner {\n  border-radius: 12px;\n}\n<\/style>\n\t<\/div>\n\n\t\n\n\t<div id=\"col-759803453\" class=\"col medium-3 small-6 large-3\"  >\n\t\t\t\t<div class=\"col-inner\"  >\n\t\t\t\n\t<div class=\"is-border\"\n\t\tstyle=\"border-color:rgb(190, 186, 186);border-radius:12px;border-width:0.8px 0.8px 0.8px 0.8px;\">\n\t<\/div>\n\t\t\t\n\n\n\t\t<div class=\"icon-box featured-box icon-box-top text-left\"  >\n\t\t\t\t\t<div class=\"icon-box-img\" style=\"width: 40px\">\n\t\t\t\t<div class=\"icon\">\n\t\t\t\t\t<div class=\"icon-inner\" >\n\t\t\t\t\t\t<img loading=\"lazy\" decoding=\"async\" width=\"300\" height=\"300\" src=\"https:\/\/www.acconti.sk\/wp-content\/uploads\/2024\/07\/icons-11-300x300.png\" class=\"attachment-medium size-medium\" alt=\"\" srcset=\"https:\/\/www.acconti.sk\/wp-content\/uploads\/2024\/07\/icons-11-300x300.png 300w, https:\/\/www.acconti.sk\/wp-content\/uploads\/2024\/07\/icons-11-1024x1024.png 1024w, https:\/\/www.acconti.sk\/wp-content\/uploads\/2024\/07\/icons-11-150x150.png 150w, https:\/\/www.acconti.sk\/wp-content\/uploads\/2024\/07\/icons-11-768x768.png 768w, https:\/\/www.acconti.sk\/wp-content\/uploads\/2024\/07\/icons-11.png 1201w\" sizes=\"(max-width: 300px) 100vw, 300px\" \/>\t\t\t\t\t<\/div>\n\t\t\t\t<\/div>\n\t\t\t<\/div>\n\t\t\t\t<div class=\"icon-box-text last-reset\">\n\t\t\t\t\t\t\t\t\t\n\n\t<div id=\"text-2937052493\" class=\"text\">\n\t\t\n\n<h3>P\u0159\u00edprava dokumentace <br \/>pro \u00fa\u010detn\u00edho<\/h3>\n\t\t\n<style>\n#text-2937052493 {\n  font-size: 0.85rem;\n}\n<\/style>\n\t<\/div>\n\t\n<p>N\u00e1\u0161 virtu\u00e1ln\u00ed asistent v\u00e1m pom\u016f\u017ee zbavit se administrativn\u00ed z\u00e1t\u011b\u017ee. Zajist\u00ed fakturaci, p\u0159\u00edpravu m\u011bs\u00ed\u010dn\u00ed dokumentace pro \u00fa\u010detn\u00edho \u010di vypln\u011bn\u00ed cestovn\u00edch p\u0159\u00edkaz\u016f.<\/p>\n\n\t\t<\/div>\n\t<\/div>\n\t\n\t\n\n\t\t<\/div>\n\t\t\t\t\n<style>\n#col-759803453 > .col-inner {\n  border-radius: 12px;\n}\n<\/style>\n\t<\/div>\n\n\t\n\n\n<style>\n#row-656747866 > .col > .col-inner {\n  padding: 18px 10px 18px 20px;\n}\n<\/style>\n<\/div>\n\t<div id=\"gap-1360664263\" class=\"gap-element clearfix\" style=\"display:block; height:auto;\">\n\t\t\n<style>\n#gap-1360664263 {\n  padding-top: 50px;\n}\n<\/style>\n\t<\/div>\n\t\n\n\n\t\t<\/div>\n\n\t\t\n<style>\n#section_957593920 {\n  padding-top: 10px;\n  padding-bottom: 10px;\n  margin-bottom: 60px;\n  background-color: rgb(255,255,255);\n}\n<\/style>\n\t<\/section>","protected":false},"excerpt":{"rendered":"","protected":false},"author":13,"featured_media":0,"parent":0,"menu_order":0,"comment_status":"closed","ping_status":"closed","template":"page-transparent-header.php","meta":{"footnotes":""},"class_list":["post-889","page","type-page","status-publish","hentry"],"yoast_head":"<!-- This site is optimized with the Yoast SEO plugin v25.5 - https:\/\/yoast.com\/wordpress\/plugins\/seo\/ -->\n<title>Virtu\u00e1lna asistentka - \u00fa\u010dtovn\u00edcka a mzdov\u00e1 agenda<\/title>\n<meta name=\"robots\" content=\"index, follow, max-snippet:-1, max-image-preview:large, max-video-preview:-1\" \/>\n<link rel=\"canonical\" href=\"https:\/\/www.acconti.sk\/cs\/virtualna-asistentka\/\" \/>\n<meta property=\"og:locale\" content=\"cs_CZ\" \/>\n<meta property=\"og:type\" content=\"article\" \/>\n<meta property=\"og:title\" content=\"Virtu\u00e1lna asistentka - \u00fa\u010dtovn\u00edcka a mzdov\u00e1 agenda\" \/>\n<meta property=\"og:url\" content=\"https:\/\/www.acconti.sk\/cs\/virtualna-asistentka\/\" \/>\n<meta property=\"og:site_name\" content=\"\u00fa\u010dtovn\u00edcka a mzdov\u00e1 agenda\" \/>\n<meta property=\"article:modified_time\" content=\"2024-08-02T09:36:03+00:00\" \/>\n<meta name=\"twitter:card\" content=\"summary_large_image\" \/>\n<meta name=\"twitter:label1\" content=\"Odhadovan\u00e1 doba \u010dten\u00ed\" \/>\n\t<meta name=\"twitter:data1\" content=\"2 minuty\" \/>\n<script type=\"application\/ld+json\" class=\"yoast-schema-graph\">{\"@context\":\"https:\/\/schema.org\",\"@graph\":[{\"@type\":\"WebPage\",\"@id\":\"https:\/\/www.acconti.sk\/en\/virtualna-asistentka\/\",\"url\":\"https:\/\/www.acconti.sk\/en\/virtualna-asistentka\/\",\"name\":\"Virtu\u00e1lna asistentka - \u00fa\u010dtovn\u00edcka a mzdov\u00e1 agenda\",\"isPartOf\":{\"@id\":\"https:\/\/www.acconti.sk\/#website\"},\"datePublished\":\"2024-07-08T01:49:00+00:00\",\"dateModified\":\"2024-08-02T09:36:03+00:00\",\"breadcrumb\":{\"@id\":\"https:\/\/www.acconti.sk\/en\/virtualna-asistentka\/#breadcrumb\"},\"inLanguage\":\"cs\",\"potentialAction\":[{\"@type\":\"ReadAction\",\"target\":[\"https:\/\/www.acconti.sk\/en\/virtualna-asistentka\/\"]}]},{\"@type\":\"BreadcrumbList\",\"@id\":\"https:\/\/www.acconti.sk\/en\/virtualna-asistentka\/#breadcrumb\",\"itemListElement\":[{\"@type\":\"ListItem\",\"position\":1,\"name\":\"Home\",\"item\":\"https:\/\/www.acconti.sk\/\"},{\"@type\":\"ListItem\",\"position\":2,\"name\":\"Virtu\u00e1lna asistentka\"}]},{\"@type\":\"WebSite\",\"@id\":\"https:\/\/www.acconti.sk\/#website\",\"url\":\"https:\/\/www.acconti.sk\/\",\"name\":\"\u00fa\u010dtovn\u00edcka a mzdov\u00e1 agenda\",\"description\":\"\",\"potentialAction\":[{\"@type\":\"SearchAction\",\"target\":{\"@type\":\"EntryPoint\",\"urlTemplate\":\"https:\/\/www.acconti.sk\/?s={search_term_string}\"},\"query-input\":{\"@type\":\"PropertyValueSpecification\",\"valueRequired\":true,\"valueName\":\"search_term_string\"}}],\"inLanguage\":\"cs\"}]}<\/script>\n<!-- \/ Yoast SEO plugin. -->","yoast_head_json":{"title":"Virtu\u00e1lna asistentka - \u00fa\u010dtovn\u00edcka a mzdov\u00e1 agenda","robots":{"index":"index","follow":"follow","max-snippet":"max-snippet:-1","max-image-preview":"max-image-preview:large","max-video-preview":"max-video-preview:-1"},"canonical":"https:\/\/www.acconti.sk\/cs\/virtualna-asistentka\/","og_locale":"cs_CZ","og_type":"article","og_title":"Virtu\u00e1lna asistentka - \u00fa\u010dtovn\u00edcka a mzdov\u00e1 agenda","og_url":"https:\/\/www.acconti.sk\/cs\/virtualna-asistentka\/","og_site_name":"\u00fa\u010dtovn\u00edcka a mzdov\u00e1 agenda","article_modified_time":"2024-08-02T09:36:03+00:00","twitter_card":"summary_large_image","twitter_misc":{"Odhadovan\u00e1 doba \u010dten\u00ed":"2 minuty"},"schema":{"@context":"https:\/\/schema.org","@graph":[{"@type":"WebPage","@id":"https:\/\/www.acconti.sk\/en\/virtualna-asistentka\/","url":"https:\/\/www.acconti.sk\/en\/virtualna-asistentka\/","name":"Virtu\u00e1lna asistentka - \u00fa\u010dtovn\u00edcka a mzdov\u00e1 agenda","isPartOf":{"@id":"https:\/\/www.acconti.sk\/#website"},"datePublished":"2024-07-08T01:49:00+00:00","dateModified":"2024-08-02T09:36:03+00:00","breadcrumb":{"@id":"https:\/\/www.acconti.sk\/en\/virtualna-asistentka\/#breadcrumb"},"inLanguage":"cs","potentialAction":[{"@type":"ReadAction","target":["https:\/\/www.acconti.sk\/en\/virtualna-asistentka\/"]}]},{"@type":"BreadcrumbList","@id":"https:\/\/www.acconti.sk\/en\/virtualna-asistentka\/#breadcrumb","itemListElement":[{"@type":"ListItem","position":1,"name":"Home","item":"https:\/\/www.acconti.sk\/"},{"@type":"ListItem","position":2,"name":"Virtu\u00e1lna asistentka"}]},{"@type":"WebSite","@id":"https:\/\/www.acconti.sk\/#website","url":"https:\/\/www.acconti.sk\/","name":"\u00fa\u010dtovn\u00edcka a mzdov\u00e1 agenda","description":"","potentialAction":[{"@type":"SearchAction","target":{"@type":"EntryPoint","urlTemplate":"https:\/\/www.acconti.sk\/?s={search_term_string}"},"query-input":{"@type":"PropertyValueSpecification","valueRequired":true,"valueName":"search_term_string"}}],"inLanguage":"cs"}]}},"_links":{"self":[{"href":"https:\/\/www.acconti.sk\/cs\/wp-json\/wp\/v2\/pages\/889","targetHints":{"allow":["GET"]}}],"collection":[{"href":"https:\/\/www.acconti.sk\/cs\/wp-json\/wp\/v2\/pages"}],"about":[{"href":"https:\/\/www.acconti.sk\/cs\/wp-json\/wp\/v2\/types\/page"}],"author":[{"embeddable":true,"href":"https:\/\/www.acconti.sk\/cs\/wp-json\/wp\/v2\/users\/13"}],"replies":[{"embeddable":true,"href":"https:\/\/www.acconti.sk\/cs\/wp-json\/wp\/v2\/comments?post=889"}],"version-history":[{"count":0,"href":"https:\/\/www.acconti.sk\/cs\/wp-json\/wp\/v2\/pages\/889\/revisions"}],"wp:attachment":[{"href":"https:\/\/www.acconti.sk\/cs\/wp-json\/wp\/v2\/media?parent=889"}],"curies":[{"name":"wp","href":"https:\/\/api.w.org\/{rel}","templated":true}]}}