{"id":886,"date":"2024-07-08T03:46:33","date_gmt":"2024-07-08T01:46:33","guid":{"rendered":"https:\/\/www.acconti.sk\/?page_id=886"},"modified":"2024-09-09T09:04:20","modified_gmt":"2024-09-09T07:04:20","slug":"vedenie-uctovnictva","status":"publish","type":"page","link":"https:\/\/www.acconti.sk\/cs\/vedenie-uctovnictva\/","title":{"rendered":"Veden\u00ed \u00fa\u010detnictv\u00ed"},"content":{"rendered":"<section class=\"section\" id=\"section_275372375\">\n\t\t<div class=\"section-bg fill\" >\n\t\t\t\t\t\t\t\t\t\n\t\t\t\n\n\t\t<\/div>\n\n\t\t\n\n\t\t<div class=\"section-content relative\">\n\t\t\t\n\n<div class=\"row\"  id=\"row-1327243034\">\n\n\n\t<div id=\"col-782839859\" class=\"col small-12 large-12\"  >\n\t\t\t\t<div class=\"col-inner\"  >\n\t\t\t\n\t\t\t\n\n\n  <div class=\"banner has-hover\" id=\"banner-649898678\">\n          <div class=\"banner-inner fill\">\n        <div class=\"banner-bg fill\" >\n            <img fetchpriority=\"high\" decoding=\"async\" width=\"2560\" height=\"2560\" src=\"https:\/\/www.acconti.sk\/wp-content\/uploads\/2024\/07\/hands-writing-business-documents-desk-concept-scaled.jpg\" class=\"bg attachment-original size-original\" alt=\"Detailn\u00fd z\u00e1ber na finan\u010dn\u00e9 v\u00fdkazy a grafy analyzovan\u00e9 odborn\u00edkmi.\" \/>                        <div class=\"overlay\"><\/div>            \n                    <\/div>\n\t\t\n        <div class=\"banner-layers container\">\n            <div class=\"fill banner-link\"><\/div>            \n\n   <div id=\"text-box-1082278383\" class=\"text-box banner-layer x50 md-x50 lg-x50 y50 md-y50 lg-y50 res-text\">\n                                <div class=\"text-box-content text dark\">\n              \n              <div class=\"text-inner text-center\">\n                  \n\n\t<div id=\"text-2209969079\" class=\"text\">\n\t\t\n\n<h6>Veden\u00ed \u00fa\u010detnictv\u00ed<\/h6>\n\t\t\n<style>\n#text-2209969079 {\n  text-align: left;\n}\n<\/style>\n\t<\/div>\n\t\n\t<div id=\"text-367421737\" class=\"text\">\n\t\t\n\n<h2>Jednor\u00e1zov\u00e9 kontroly i kompletn\u00ed spr\u00e1va \u00fa\u010detn\u00edho odd\u011blen\u00ed<\/h2>\n\t\t\n<style>\n#text-367421737 {\n  text-align: left;\n}\n<\/style>\n\t<\/div>\n\t\n\n              <\/div>\n           <\/div>\n                            \n<style>\n#text-box-1082278383 {\n  width: 84%;\n}\n#text-box-1082278383 .text-box-content {\n  font-size: 100%;\n}\n<\/style>\n    <\/div>\n \n\n        <\/div>\n      <\/div>\n\n            \n<style>\n#banner-649898678 {\n  padding-top: 500px;\n  background-color: rgb(255,255,255);\n}\n#banner-649898678 .overlay {\n  background-color: rgba(0, 0, 0, 0.198);\n}\n#banner-649898678 .banner-bg img {\n  object-position: 5% 68%;\n}\n<\/style>\n  <\/div>\n\n\n\n\t\t<\/div>\n\t\t\t\t\t<\/div>\n\n\t\n\n<\/div>\n\n\t\t<\/div>\n\n\t\t\n<style>\n#section_275372375 {\n  padding-top: 70pt;\n  padding-bottom: 70pt;\n  margin-bottom: -40pt;\n  background-color: rgb(255,255,255);\n}\n<\/style>\n\t<\/section>\n\t\n\n\t<section class=\"section\" id=\"section_552761016\">\n\t\t<div class=\"section-bg fill\" >\n\t\t\t\t\t\t\t\t\t\n\t\t\t\n\n\t\t<\/div>\n\n\t\t\n\n\t\t<div class=\"section-content relative\">\n\t\t\t\n\n<div class=\"row\"  id=\"row-65022988\">\n\n\n\t<div id=\"col-707021945\" class=\"col medium-6 small-12 large-6\"  >\n\t\t\t\t<div class=\"col-inner\"  >\n\t\t\t\n\t\t\t\n\n\t<div id=\"text-4090971244\" class=\"text\">\n\t\t\n\n<h2>Komplexn\u00ed slu\u017eby pro v\u0161echny firmy a fyzick\u00e9 osoby<\/h2>\n\t\t\n<style>\n#text-4090971244 {\n  font-size: 1.4rem;\n  color: #9aca3c;\n}\n#text-4090971244 > * {\n  color: #9aca3c;\n}\n<\/style>\n\t<\/div>\n\t\n\n\t\t<\/div>\n\t\t\t\t\t<\/div>\n\n\t\n\n\t<div id=\"col-207726146\" class=\"col medium-6 small-12 large-6\"  >\n\t\t\t\t<div class=\"col-inner\"  >\n\t\t\t\n\t\t\t\n\n<p>Nab\u00edz\u00edme kompletn\u00ed zpracov\u00e1n\u00ed \u00fa\u010detn\u00ed a da\u0148ov\u00e9 agendy pro za\u010d\u00ednaj\u00edc\u00ed podnikatele, velk\u00e9, mal\u00e9 a st\u0159edn\u00ed firmy i fyzick\u00e9 osoby. M\u016f\u017eeme nahradit va\u0161e \u00fa\u010detn\u00ed a mzdov\u00e9 odd\u011blen\u00ed nebo poskytnout podporu va\u0161emu intern\u00edmu t\u00fdmu.<\/p>\n<p>Zpracov\u00e1n\u00ed \u00fa\u010detnictv\u00ed profesion\u00e1ln\u011b realizujeme na pravideln\u00e9 b\u00e1zi v souladu s platnou legislativou v syst\u00e9mech podle po\u017eadavk\u016f z\u00e1kazn\u00edka: SAP, Navision (Microsoft Dynamics NAV), Helios, Pohoda, Money, Proluc a pod.<\/p>\n\n\t\t<\/div>\n\t\t\t\t\t<\/div>\n\n\t\n\n\n<style>\n#row-65022988 > .col > .col-inner {\n  padding: 0px 0px 20px 0px;\n}\n<\/style>\n<\/div>\n<div class=\"row row-small\"  id=\"row-125240058\">\n\n\n\t<div id=\"col-330359291\" class=\"col medium-3 small-6 large-3\"  >\n\t\t\t\t<div class=\"col-inner\"  >\n\t\t\t\n\t<div class=\"is-border\"\n\t\tstyle=\"border-color:rgb(190, 186, 186);border-radius:12px;border-width:0.8px 0.8px 0.8px 0.8px;\">\n\t<\/div>\n\t\t\t\n\n\n\t\t<div class=\"icon-box featured-box icon-box-top text-left\"  >\n\t\t\t\t\t<div class=\"icon-box-img\" style=\"width: 40px\">\n\t\t\t\t<div class=\"icon\">\n\t\t\t\t\t<div class=\"icon-inner\" >\n\t\t\t\t\t\t<img decoding=\"async\" width=\"300\" height=\"300\" src=\"https:\/\/www.acconti.sk\/wp-content\/uploads\/2024\/07\/icon-5-300x300.png\" class=\"attachment-medium size-medium\" alt=\"\" srcset=\"https:\/\/www.acconti.sk\/wp-content\/uploads\/2024\/07\/icon-5-300x300.png 300w, https:\/\/www.acconti.sk\/wp-content\/uploads\/2024\/07\/icon-5-1024x1024.png 1024w, https:\/\/www.acconti.sk\/wp-content\/uploads\/2024\/07\/icon-5-150x150.png 150w, https:\/\/www.acconti.sk\/wp-content\/uploads\/2024\/07\/icon-5-768x768.png 768w, https:\/\/www.acconti.sk\/wp-content\/uploads\/2024\/07\/icon-5.png 1200w\" sizes=\"(max-width: 300px) 100vw, 300px\" \/>\t\t\t\t\t<\/div>\n\t\t\t\t<\/div>\n\t\t\t<\/div>\n\t\t\t\t<div class=\"icon-box-text last-reset\">\n\t\t\t\t\t\t\t\t\t\n\n\t<div id=\"text-3774479156\" class=\"text\">\n\t\t\n\n<h3>Automatizovan\u00fd reporting<\/h3>\n\t\t\n<style>\n#text-3774479156 {\n  font-size: 0.85rem;\n}\n<\/style>\n\t<\/div>\n\t\n<p>Z\u00edsk\u00e1te p\u0159esn\u00e9 informace o hospoda\u0159en\u00ed firmy, v\u010detn\u011b detail\u016f o z\u00e1vazc\u00edch, pohled\u00e1vk\u00e1ch, p\u0159\u00edjmech a v\u00fddaj\u00edch a dal\u0161\u00edch finan\u010dn\u00edch p\u0159ehledech bez manu\u00e1ln\u00ed pr\u00e1ce.<\/p>\n\n\t\t<\/div>\n\t<\/div>\n\t\n\t\n\n\t\t<\/div>\n\t\t\t\t\n<style>\n#col-330359291 > .col-inner {\n  border-radius: 12px;\n}\n<\/style>\n\t<\/div>\n\n\t\n\n\t<div id=\"col-254544656\" class=\"col medium-3 small-6 large-3\"  >\n\t\t\t\t<div class=\"col-inner\"  >\n\t\t\t\n\t<div class=\"is-border\"\n\t\tstyle=\"border-color:rgb(190, 186, 186);border-radius:12px;border-width:0.8px 0.8px 0.8px 0.8px;\">\n\t<\/div>\n\t\t\t\n\n\n\t\t<div class=\"icon-box featured-box icon-box-top text-left\"  >\n\t\t\t\t\t<div class=\"icon-box-img\" style=\"width: 40px\">\n\t\t\t\t<div class=\"icon\">\n\t\t\t\t\t<div class=\"icon-inner\" >\n\t\t\t\t\t\t<img decoding=\"async\" width=\"300\" height=\"298\" src=\"https:\/\/www.acconti.sk\/wp-content\/uploads\/2024\/07\/icons-acconti-18-e1720886725254-300x298.png\" class=\"attachment-medium size-medium\" alt=\"\" srcset=\"https:\/\/www.acconti.sk\/wp-content\/uploads\/2024\/07\/icons-acconti-18-e1720886725254-300x298.png 300w, https:\/\/www.acconti.sk\/wp-content\/uploads\/2024\/07\/icons-acconti-18-e1720886725254-1024x1017.png 1024w, https:\/\/www.acconti.sk\/wp-content\/uploads\/2024\/07\/icons-acconti-18-e1720886725254-150x150.png 150w, https:\/\/www.acconti.sk\/wp-content\/uploads\/2024\/07\/icons-acconti-18-e1720886725254-768x763.png 768w, https:\/\/www.acconti.sk\/wp-content\/uploads\/2024\/07\/icons-acconti-18-e1720886725254.png 1148w\" sizes=\"(max-width: 300px) 100vw, 300px\" \/>\t\t\t\t\t<\/div>\n\t\t\t\t<\/div>\n\t\t\t<\/div>\n\t\t\t\t<div class=\"icon-box-text last-reset\">\n\t\t\t\t\t\t\t\t\t\n\n\t<div id=\"text-2689925777\" class=\"text\">\n\t\t\n\n<h3>Zpracov\u00e1n\u00ed v\u00fdkaz\u016f DPH<\/h3>\n\t\t\n<style>\n#text-2689925777 {\n  font-size: 0.85rem;\n}\n<\/style>\n\t<\/div>\n\t\n<p>Nab\u00edz\u00edme odborn\u00e9 zpracov\u00e1n\u00ed a pod\u00e1n\u00ed v\u00fdkaz\u016f DPH, zaji\u0161\u0165ujeme jejich spr\u00e1vnost a soulad s aktu\u00e1ln\u00ed legislativou, poskytuj\u00edc v\u00e1m jistotu v\u016f\u010di da\u0148ov\u00fdm povinnostem.<\/p>\n\n\t\t<\/div>\n\t<\/div>\n\t\n\t\n\n\t\t<\/div>\n\t\t\t\t\n<style>\n#col-254544656 > .col-inner {\n  border-radius: 12px;\n}\n<\/style>\n\t<\/div>\n\n\t\n\n\t<div id=\"col-1340931384\" class=\"col medium-3 small-6 large-3\"  >\n\t\t\t\t<div class=\"col-inner\"  >\n\t\t\t\n\t<div class=\"is-border\"\n\t\tstyle=\"border-color:rgb(190, 186, 186);border-radius:12px;border-width:0.8px 0.8px 0.8px 0.8px;\">\n\t<\/div>\n\t\t\t\n\n\n\t\t<div class=\"icon-box featured-box icon-box-top text-left\"  >\n\t\t\t\t\t<div class=\"icon-box-img\" style=\"width: 40px\">\n\t\t\t\t<div class=\"icon\">\n\t\t\t\t\t<div class=\"icon-inner\" >\n\t\t\t\t\t\t<img loading=\"lazy\" decoding=\"async\" width=\"300\" height=\"300\" src=\"https:\/\/www.acconti.sk\/wp-content\/uploads\/2024\/07\/icons-01-300x300.png\" class=\"attachment-medium size-medium\" alt=\"\" srcset=\"https:\/\/www.acconti.sk\/wp-content\/uploads\/2024\/07\/icons-01-300x300.png 300w, https:\/\/www.acconti.sk\/wp-content\/uploads\/2024\/07\/icons-01-1024x1024.png 1024w, https:\/\/www.acconti.sk\/wp-content\/uploads\/2024\/07\/icons-01-150x150.png 150w, https:\/\/www.acconti.sk\/wp-content\/uploads\/2024\/07\/icons-01-768x768.png 768w, https:\/\/www.acconti.sk\/wp-content\/uploads\/2024\/07\/icons-01.png 1201w\" sizes=\"(max-width: 300px) 100vw, 300px\" \/>\t\t\t\t\t<\/div>\n\t\t\t\t<\/div>\n\t\t\t<\/div>\n\t\t\t\t<div class=\"icon-box-text last-reset\">\n\t\t\t\t\t\t\t\t\t\n\n\t<div id=\"text-600866896\" class=\"text\">\n\t\t\n\n<h3>Da\u0148ov\u00e1 p\u0159izn\u00e1n\u00ed a <br \/>\u00fa\u010detn\u00ed z\u00e1v\u011brky<\/h3>\n\t\t\n<style>\n#text-600866896 {\n  font-size: 0.85rem;\n}\n<\/style>\n\t<\/div>\n\t\n<p>Poskytujeme slu\u017eby zpracov\u00e1n\u00ed da\u0148ov\u00fdch p\u0159izn\u00e1n\u00ed a \u00fa\u010detn\u00edch z\u00e1v\u011brek, v\u010detn\u011b p\u0159\u00edpravy a pod\u00e1n\u00ed dokument\u016f podle platn\u00e9 legislativy.<\/p>\n\n\t\t<\/div>\n\t<\/div>\n\t\n\t\n\n\t\t<\/div>\n\t\t\t\t\n<style>\n#col-1340931384 > .col-inner {\n  border-radius: 12px;\n}\n<\/style>\n\t<\/div>\n\n\t\n\n\t<div id=\"col-1204258028\" class=\"col medium-3 small-6 large-3\"  >\n\t\t\t\t<div class=\"col-inner\"  >\n\t\t\t\n\t<div class=\"is-border\"\n\t\tstyle=\"border-color:rgb(190, 186, 186);border-radius:12px;border-width:0.8px 0.8px 0.8px 0.8px;\">\n\t<\/div>\n\t\t\t\n\n\n\t\t<div class=\"icon-box featured-box icon-box-top text-left\"  >\n\t\t\t\t\t<div class=\"icon-box-img\" style=\"width: 40px\">\n\t\t\t\t<div class=\"icon\">\n\t\t\t\t\t<div class=\"icon-inner\" >\n\t\t\t\t\t\t<img loading=\"lazy\" decoding=\"async\" width=\"300\" height=\"300\" src=\"https:\/\/www.acconti.sk\/wp-content\/uploads\/2024\/07\/icon-7-e1720883906631-300x300.png\" class=\"attachment-medium size-medium\" alt=\"\" srcset=\"https:\/\/www.acconti.sk\/wp-content\/uploads\/2024\/07\/icon-7-e1720883906631-300x300.png 300w, https:\/\/www.acconti.sk\/wp-content\/uploads\/2024\/07\/icon-7-e1720883906631-1024x1022.png 1024w, https:\/\/www.acconti.sk\/wp-content\/uploads\/2024\/07\/icon-7-e1720883906631-150x150.png 150w, https:\/\/www.acconti.sk\/wp-content\/uploads\/2024\/07\/icon-7-e1720883906631-768x767.png 768w, https:\/\/www.acconti.sk\/wp-content\/uploads\/2024\/07\/icon-7-e1720883906631.png 1082w\" sizes=\"(max-width: 300px) 100vw, 300px\" \/>\t\t\t\t\t<\/div>\n\t\t\t\t<\/div>\n\t\t\t<\/div>\n\t\t\t\t<div class=\"icon-box-text last-reset\">\n\t\t\t\t\t\t\t\t\t\n\n\t<div id=\"text-3282933392\" class=\"text\">\n\t\t\n\n<h3>Komunikace s finan\u010dn\u00ed spr\u00e1vou<\/h3>\n\t\t\n<style>\n#text-3282933392 {\n  font-size: 0.85rem;\n}\n<\/style>\n\t<\/div>\n\t\n<p>Zaji\u0161\u0165ujeme komplexn\u00ed zastupov\u00e1n\u00ed klient\u016f p\u0159i da\u0148ov\u00fdch kontrol\u00e1ch, v\u010detn\u011b komunikace se spr\u00e1vcem dan\u011b a \u0159e\u0161en\u00ed v\u0161ech aspekt\u016f da\u0148ov\u00fdch audit\u016f.<\/p>\n\n\t\t<\/div>\n\t<\/div>\n\t\n\t\n\n\t\t<\/div>\n\t\t\t\t\n<style>\n#col-1204258028 > .col-inner {\n  border-radius: 12px;\n}\n<\/style>\n\t<\/div>\n\n\t\n\n\n<style>\n#row-125240058 > .col > .col-inner {\n  padding: 18px 10px 18px 17px;\n}\n<\/style>\n<\/div>\n\n\t\t<\/div>\n\n\t\t\n<style>\n#section_552761016 {\n  padding-top: 10px;\n  padding-bottom: 10px;\n  background-color: rgb(255,255,255);\n}\n<\/style>\n\t<\/section>\n\t\n\n\t<section class=\"section\" id=\"section_588189866\">\n\t\t<div class=\"section-bg fill\" >\n\t\t\t\t\t\t\t\t\t\n\t\t\t\n\n\t\t<\/div>\n\n\t\t\n\n\t\t<div class=\"section-content relative\">\n\t\t\t\n\n<div class=\"row\"  id=\"row-2057668189\">\n\n\n\t<div id=\"col-1012233638\" class=\"col medium-6 small-12 large-6\"  >\n\t\t\t\t<div class=\"col-inner\"  >\n\t\t\t\n\t\t\t\n\n\t<div id=\"text-3514122718\" class=\"text\">\n\t\t\n\n<h2>Automatizovan\u00fd m\u011bs\u00ed\u010dn\u00ed reporting o v\u00fdsledc\u00edch va\u0161\u00ed firmy<\/h2>\n\t\t\n<style>\n#text-3514122718 {\n  font-size: 1.25rem;\n  color: rgb(154, 202, 60);\n}\n#text-3514122718 > * {\n  color: rgb(154, 202, 60);\n}\n<\/style>\n\t<\/div>\n\t\n\n\t\t<\/div>\n\t\t\t\t\t<\/div>\n\n\t\n\n\t<div id=\"col-1440858014\" class=\"col medium-6 small-12 large-6\"  >\n\t\t\t\t<div class=\"col-inner\"  >\n\t\t\t\n\t\t\t\n\n<p>Automatizovan\u00fd reporting zahrnuje kl\u00ed\u010dov\u00e9 informace o va\u0161ich hlavn\u00edch obchodn\u00edch partnerech, v\u00fdvoj cash flow, p\u0159edpokl\u00e1dan\u00e9 v\u00fdsledky a da\u0148ov\u00e9 z\u00e1vazky.<\/p>\n<p>Krom\u011b toho nab\u00edz\u00edme i online veden\u00ed \u00fa\u010detnictv\u00ed, kter\u00e9 umo\u017e\u0148uje sd\u00edlen\u00ed dat mezi \u00fa\u010detn\u00edm a va\u0161\u00ed spole\u010dnost\u00ed. Va\u0161i klienti maj\u00ed p\u0159\u00edstup k na\u0161emu \u00fa\u010detn\u00edmu syst\u00e9mu p\u0159es n\u00e1\u0161 server, nebo se m\u016f\u017eeme p\u0159ipojit na server klienta.<\/p>\n<p>Z\u016fsta\u0148te v kontaktu se sv\u00fdm \u00fa\u010detn\u00edm na jedn\u00e9 platform\u011b, kde m\u00e1te stejn\u00fd p\u0159\u00edstup k informac\u00edm.<\/p>\n\n\t\t<\/div>\n\t\t\t\t\t<\/div>\n\n\t\n\n<\/div>\n\n\t\t<\/div>\n\n\t\t\n<style>\n#section_588189866 {\n  padding-top: 40px;\n  padding-bottom: 40px;\n  margin-bottom: -20px;\n  background-color: rgb(255,255,255);\n}\n<\/style>\n\t<\/section>","protected":false},"excerpt":{"rendered":"","protected":false},"author":13,"featured_media":0,"parent":0,"menu_order":0,"comment_status":"closed","ping_status":"closed","template":"page-transparent-header.php","meta":{"footnotes":""},"class_list":["post-886","page","type-page","status-publish","hentry"],"yoast_head":"<!-- This site is optimized with the Yoast SEO plugin v25.5 - https:\/\/yoast.com\/wordpress\/plugins\/seo\/ -->\n<title>Vedenie \u00fa\u010dtovn\u00edctva - \u00fa\u010dtovn\u00edcka a mzdov\u00e1 agenda<\/title>\n<meta name=\"robots\" content=\"index, follow, max-snippet:-1, max-image-preview:large, max-video-preview:-1\" \/>\n<link rel=\"canonical\" href=\"https:\/\/www.acconti.sk\/cs\/vedenie-uctovnictva\/\" \/>\n<meta property=\"og:locale\" content=\"cs_CZ\" \/>\n<meta property=\"og:type\" content=\"article\" \/>\n<meta property=\"og:title\" content=\"Vedenie \u00fa\u010dtovn\u00edctva - \u00fa\u010dtovn\u00edcka a mzdov\u00e1 agenda\" \/>\n<meta property=\"og:url\" content=\"https:\/\/www.acconti.sk\/cs\/vedenie-uctovnictva\/\" \/>\n<meta property=\"og:site_name\" content=\"\u00fa\u010dtovn\u00edcka a mzdov\u00e1 agenda\" \/>\n<meta property=\"article:modified_time\" content=\"2024-09-09T07:04:20+00:00\" \/>\n<meta name=\"twitter:card\" content=\"summary_large_image\" \/>\n<script type=\"application\/ld+json\" class=\"yoast-schema-graph\">{\"@context\":\"https:\/\/schema.org\",\"@graph\":[{\"@type\":\"WebPage\",\"@id\":\"https:\/\/www.acconti.sk\/vedenie-uctovnictva\/\",\"url\":\"https:\/\/www.acconti.sk\/vedenie-uctovnictva\/\",\"name\":\"Vedenie \u00fa\u010dtovn\u00edctva - \u00fa\u010dtovn\u00edcka a mzdov\u00e1 agenda\",\"isPartOf\":{\"@id\":\"https:\/\/www.acconti.sk\/#website\"},\"datePublished\":\"2024-07-08T01:46:33+00:00\",\"dateModified\":\"2024-09-09T07:04:20+00:00\",\"breadcrumb\":{\"@id\":\"https:\/\/www.acconti.sk\/vedenie-uctovnictva\/#breadcrumb\"},\"inLanguage\":\"cs\",\"potentialAction\":[{\"@type\":\"ReadAction\",\"target\":[\"https:\/\/www.acconti.sk\/vedenie-uctovnictva\/\"]}]},{\"@type\":\"BreadcrumbList\",\"@id\":\"https:\/\/www.acconti.sk\/vedenie-uctovnictva\/#breadcrumb\",\"itemListElement\":[{\"@type\":\"ListItem\",\"position\":1,\"name\":\"Home\",\"item\":\"https:\/\/www.acconti.sk\/\"},{\"@type\":\"ListItem\",\"position\":2,\"name\":\"Vedenie \u00fa\u010dtovn\u00edctva\"}]},{\"@type\":\"WebSite\",\"@id\":\"https:\/\/www.acconti.sk\/#website\",\"url\":\"https:\/\/www.acconti.sk\/\",\"name\":\"\u00fa\u010dtovn\u00edcka a mzdov\u00e1 agenda\",\"description\":\"\",\"potentialAction\":[{\"@type\":\"SearchAction\",\"target\":{\"@type\":\"EntryPoint\",\"urlTemplate\":\"https:\/\/www.acconti.sk\/?s={search_term_string}\"},\"query-input\":{\"@type\":\"PropertyValueSpecification\",\"valueRequired\":true,\"valueName\":\"search_term_string\"}}],\"inLanguage\":\"cs\"}]}<\/script>\n<!-- \/ Yoast SEO plugin. -->","yoast_head_json":{"title":"Vedenie \u00fa\u010dtovn\u00edctva - \u00fa\u010dtovn\u00edcka a mzdov\u00e1 agenda","robots":{"index":"index","follow":"follow","max-snippet":"max-snippet:-1","max-image-preview":"max-image-preview:large","max-video-preview":"max-video-preview:-1"},"canonical":"https:\/\/www.acconti.sk\/cs\/vedenie-uctovnictva\/","og_locale":"cs_CZ","og_type":"article","og_title":"Vedenie \u00fa\u010dtovn\u00edctva - \u00fa\u010dtovn\u00edcka a mzdov\u00e1 agenda","og_url":"https:\/\/www.acconti.sk\/cs\/vedenie-uctovnictva\/","og_site_name":"\u00fa\u010dtovn\u00edcka a mzdov\u00e1 agenda","article_modified_time":"2024-09-09T07:04:20+00:00","twitter_card":"summary_large_image","schema":{"@context":"https:\/\/schema.org","@graph":[{"@type":"WebPage","@id":"https:\/\/www.acconti.sk\/vedenie-uctovnictva\/","url":"https:\/\/www.acconti.sk\/vedenie-uctovnictva\/","name":"Vedenie \u00fa\u010dtovn\u00edctva - \u00fa\u010dtovn\u00edcka a mzdov\u00e1 agenda","isPartOf":{"@id":"https:\/\/www.acconti.sk\/#website"},"datePublished":"2024-07-08T01:46:33+00:00","dateModified":"2024-09-09T07:04:20+00:00","breadcrumb":{"@id":"https:\/\/www.acconti.sk\/vedenie-uctovnictva\/#breadcrumb"},"inLanguage":"cs","potentialAction":[{"@type":"ReadAction","target":["https:\/\/www.acconti.sk\/vedenie-uctovnictva\/"]}]},{"@type":"BreadcrumbList","@id":"https:\/\/www.acconti.sk\/vedenie-uctovnictva\/#breadcrumb","itemListElement":[{"@type":"ListItem","position":1,"name":"Home","item":"https:\/\/www.acconti.sk\/"},{"@type":"ListItem","position":2,"name":"Vedenie \u00fa\u010dtovn\u00edctva"}]},{"@type":"WebSite","@id":"https:\/\/www.acconti.sk\/#website","url":"https:\/\/www.acconti.sk\/","name":"\u00fa\u010dtovn\u00edcka a mzdov\u00e1 agenda","description":"","potentialAction":[{"@type":"SearchAction","target":{"@type":"EntryPoint","urlTemplate":"https:\/\/www.acconti.sk\/?s={search_term_string}"},"query-input":{"@type":"PropertyValueSpecification","valueRequired":true,"valueName":"search_term_string"}}],"inLanguage":"cs"}]}},"_links":{"self":[{"href":"https:\/\/www.acconti.sk\/cs\/wp-json\/wp\/v2\/pages\/886","targetHints":{"allow":["GET"]}}],"collection":[{"href":"https:\/\/www.acconti.sk\/cs\/wp-json\/wp\/v2\/pages"}],"about":[{"href":"https:\/\/www.acconti.sk\/cs\/wp-json\/wp\/v2\/types\/page"}],"author":[{"embeddable":true,"href":"https:\/\/www.acconti.sk\/cs\/wp-json\/wp\/v2\/users\/13"}],"replies":[{"embeddable":true,"href":"https:\/\/www.acconti.sk\/cs\/wp-json\/wp\/v2\/comments?post=886"}],"version-history":[{"count":0,"href":"https:\/\/www.acconti.sk\/cs\/wp-json\/wp\/v2\/pages\/886\/revisions"}],"wp:attachment":[{"href":"https:\/\/www.acconti.sk\/cs\/wp-json\/wp\/v2\/media?parent=886"}],"curies":[{"name":"wp","href":"https:\/\/api.w.org\/{rel}","templated":true}]}}