{"id":857,"date":"2024-07-08T02:36:49","date_gmt":"2024-07-08T00:36:49","guid":{"rendered":"https:\/\/www.acconti.sk\/?page_id=857"},"modified":"2024-10-17T21:44:06","modified_gmt":"2024-10-17T19:44:06","slug":"spracovanie-miezd","status":"publish","type":"page","link":"https:\/\/www.acconti.sk\/cs\/spracovanie-miezd\/","title":{"rendered":"Zpravov\u00e1n\u00ed mezd"},"content":{"rendered":"<section class=\"section\" id=\"section_654846810\">\n\t\t<div class=\"section-bg fill\" >\n\t\t\t\t\t\t\t\t\t\n\t\t\t\n\n\t\t<\/div>\n\n\t\t\n\n\t\t<div class=\"section-content relative\">\n\t\t\t\n\n<div class=\"row\"  id=\"row-103058648\">\n\n\n\t<div id=\"col-1945355725\" class=\"col small-12 large-12\"  >\n\t\t\t\t<div class=\"col-inner\"  >\n\t\t\t\n\t\t\t\n\n\n  <div class=\"banner has-hover\" id=\"banner-542013522\">\n          <div class=\"banner-inner fill\">\n        <div class=\"banner-bg fill\" >\n            <img fetchpriority=\"high\" decoding=\"async\" width=\"2560\" height=\"1280\" src=\"https:\/\/www.acconti.sk\/wp-content\/uploads\/2024\/07\/business-people-working-using-laptop-scaled.jpg\" class=\"bg attachment-original size-original\" alt=\"Konzult\u00e1cia o mzdovej agende\" \/>                                    \n                    <\/div>\n\t\t\n        <div class=\"banner-layers container\">\n            <div class=\"fill banner-link\"><\/div>            \n\n   <div id=\"text-box-154339173\" class=\"text-box banner-layer x50 md-x50 lg-x50 y50 md-y50 lg-y50 res-text\">\n                                <div class=\"text-box-content text dark\">\n              \n              <div class=\"text-inner text-center\">\n                  \n\n\t<div id=\"text-3827335493\" class=\"text\">\n\t\t\n\n<h6>Zpravov\u00e1n\u00ed mezd<\/h6>\n\t\t\n<style>\n#text-3827335493 {\n  text-align: left;\n}\n<\/style>\n\t<\/div>\n\t\n\t<div id=\"text-3054902109\" class=\"text\">\n\t\t\n\n<h2>Komplexn\u00ed slu\u017eby zpracov\u00e1n\u00ed mezd<\/h2>\n\t\t\n<style>\n#text-3054902109 {\n  text-align: left;\n}\n<\/style>\n\t<\/div>\n\t\n\n              <\/div>\n           <\/div>\n                            \n<style>\n#text-box-154339173 {\n  width: 84%;\n}\n#text-box-154339173 .text-box-content {\n  font-size: 100%;\n}\n<\/style>\n    <\/div>\n \n\n        <\/div>\n      <\/div>\n\n            \n<style>\n#banner-542013522 {\n  padding-top: 500px;\n  background-color: rgb(255,255,255);\n}\n<\/style>\n  <\/div>\n\n\n\n\t\t<\/div>\n\t\t\t\t\t<\/div>\n\n\t\n\n<\/div>\n\n\t\t<\/div>\n\n\t\t\n<style>\n#section_654846810 {\n  padding-top: 70pt;\n  padding-bottom: 70pt;\n  margin-bottom: -40pt;\n  background-color: rgb(255,255,255);\n}\n<\/style>\n\t<\/section>\n\t\n\n\t<section class=\"section\" id=\"section_301324981\">\n\t\t<div class=\"section-bg fill\" >\n\t\t\t\t\t\t\t\t\t\n\t\t\t\n\n\t\t<\/div>\n\n\t\t\n\n\t\t<div class=\"section-content relative\">\n\t\t\t\n\n<div class=\"row\"  id=\"row-2145031180\">\n\n\n\t<div id=\"col-1012220347\" class=\"col medium-6 small-12 large-6\"  >\n\t\t\t\t<div class=\"col-inner\"  >\n\t\t\t\n\t\t\t\n\n\t<div id=\"text-3837350130\" class=\"text\">\n\t\t\n\n<h2>Jsme va\u0161e jistota v mzdov\u00e9m \u00fa\u010detnictv\u00ed<\/h2>\n\t\t\n<style>\n#text-3837350130 {\n  font-size: 1.4rem;\n  color: #9aca3c;\n}\n#text-3837350130 > * {\n  color: #9aca3c;\n}\n<\/style>\n\t<\/div>\n\t\n\n\t\t<\/div>\n\t\t\t\t\t<\/div>\n\n\t\n\n\t<div id=\"col-1033203036\" class=\"col medium-6 small-12 large-6\"  >\n\t\t\t\t<div class=\"col-inner\"  >\n\t\t\t\n\t\t\t\n\n<p>Nechte v\u0161echny starosti se zpracov\u00e1n\u00edm mezd na n\u00e1s! Vypo\u010d\u00edt\u00e1me a p\u0159iprav\u00edme za v\u00e1s v\u0161echny mzdy a odvody, p\u0159i\u010dem\u017e ve\u0161kerou komunikaci s \u00fa\u0159ady zajist\u00edme my.<\/p>\n<p>S na\u0161imi slu\u017ebami si m\u016f\u017eete b\u00fdt jisti, \u017ee v\u0161e bude zpracov\u00e1no p\u0159esn\u011b a v\u010das, co\u017e v\u00e1m umo\u017en\u00ed soust\u0159edit se na to nejd\u016fle\u017eit\u011bj\u0161\u00ed \u2013 va\u0161e podnik\u00e1n\u00ed.<\/p>\n\n\t\t<\/div>\n\t\t\t\t\t<\/div>\n\n\t\n\n<\/div>\n\t<div id=\"gap-2096555638\" class=\"gap-element clearfix\" style=\"display:block; height:auto;\">\n\t\t\n<style>\n#gap-2096555638 {\n  padding-top: 10px;\n}\n<\/style>\n\t<\/div>\n\t\n\n\n\t\t<\/div>\n\n\t\t\n<style>\n#section_301324981 {\n  padding-top: 10px;\n  padding-bottom: 10px;\n  margin-bottom: 20px;\n  background-color: rgb(255,255,255);\n}\n<\/style>\n\t<\/section>","protected":false},"excerpt":{"rendered":"","protected":false},"author":13,"featured_media":0,"parent":0,"menu_order":0,"comment_status":"closed","ping_status":"closed","template":"page-transparent-header.php","meta":{"footnotes":""},"class_list":["post-857","page","type-page","status-publish","hentry"],"yoast_head":"<!-- This site is optimized with the Yoast SEO plugin v25.5 - https:\/\/yoast.com\/wordpress\/plugins\/seo\/ -->\n<title>Spracovanie miezd - \u00fa\u010dtovn\u00edcka a mzdov\u00e1 agenda<\/title>\n<meta name=\"robots\" content=\"index, follow, max-snippet:-1, max-image-preview:large, max-video-preview:-1\" \/>\n<link rel=\"canonical\" href=\"https:\/\/www.acconti.sk\/cs\/spracovanie-miezd\/\" \/>\n<meta property=\"og:locale\" content=\"cs_CZ\" \/>\n<meta property=\"og:type\" content=\"article\" \/>\n<meta property=\"og:title\" content=\"Spracovanie miezd - \u00fa\u010dtovn\u00edcka a mzdov\u00e1 agenda\" \/>\n<meta property=\"og:url\" content=\"https:\/\/www.acconti.sk\/cs\/spracovanie-miezd\/\" \/>\n<meta property=\"og:site_name\" content=\"\u00fa\u010dtovn\u00edcka a mzdov\u00e1 agenda\" \/>\n<meta property=\"article:modified_time\" content=\"2024-10-17T19:44:06+00:00\" \/>\n<meta name=\"twitter:card\" content=\"summary_large_image\" \/>\n<meta name=\"twitter:label1\" content=\"Odhadovan\u00e1 doba \u010dten\u00ed\" \/>\n\t<meta name=\"twitter:data1\" content=\"1 minuta\" \/>\n<script type=\"application\/ld+json\" class=\"yoast-schema-graph\">{\"@context\":\"https:\/\/schema.org\",\"@graph\":[{\"@type\":\"WebPage\",\"@id\":\"https:\/\/www.acconti.sk\/en\/spracovanie-miezd\/\",\"url\":\"https:\/\/www.acconti.sk\/en\/spracovanie-miezd\/\",\"name\":\"Spracovanie miezd - \u00fa\u010dtovn\u00edcka a mzdov\u00e1 agenda\",\"isPartOf\":{\"@id\":\"https:\/\/www.acconti.sk\/#website\"},\"datePublished\":\"2024-07-08T00:36:49+00:00\",\"dateModified\":\"2024-10-17T19:44:06+00:00\",\"breadcrumb\":{\"@id\":\"https:\/\/www.acconti.sk\/en\/spracovanie-miezd\/#breadcrumb\"},\"inLanguage\":\"cs\",\"potentialAction\":[{\"@type\":\"ReadAction\",\"target\":[\"https:\/\/www.acconti.sk\/en\/spracovanie-miezd\/\"]}]},{\"@type\":\"BreadcrumbList\",\"@id\":\"https:\/\/www.acconti.sk\/en\/spracovanie-miezd\/#breadcrumb\",\"itemListElement\":[{\"@type\":\"ListItem\",\"position\":1,\"name\":\"Home\",\"item\":\"https:\/\/www.acconti.sk\/\"},{\"@type\":\"ListItem\",\"position\":2,\"name\":\"Spracovanie miezd\"}]},{\"@type\":\"WebSite\",\"@id\":\"https:\/\/www.acconti.sk\/#website\",\"url\":\"https:\/\/www.acconti.sk\/\",\"name\":\"\u00fa\u010dtovn\u00edcka a mzdov\u00e1 agenda\",\"description\":\"\",\"potentialAction\":[{\"@type\":\"SearchAction\",\"target\":{\"@type\":\"EntryPoint\",\"urlTemplate\":\"https:\/\/www.acconti.sk\/?s={search_term_string}\"},\"query-input\":{\"@type\":\"PropertyValueSpecification\",\"valueRequired\":true,\"valueName\":\"search_term_string\"}}],\"inLanguage\":\"cs\"}]}<\/script>\n<!-- \/ Yoast SEO plugin. -->","yoast_head_json":{"title":"Spracovanie miezd - \u00fa\u010dtovn\u00edcka a mzdov\u00e1 agenda","robots":{"index":"index","follow":"follow","max-snippet":"max-snippet:-1","max-image-preview":"max-image-preview:large","max-video-preview":"max-video-preview:-1"},"canonical":"https:\/\/www.acconti.sk\/cs\/spracovanie-miezd\/","og_locale":"cs_CZ","og_type":"article","og_title":"Spracovanie miezd - \u00fa\u010dtovn\u00edcka a mzdov\u00e1 agenda","og_url":"https:\/\/www.acconti.sk\/cs\/spracovanie-miezd\/","og_site_name":"\u00fa\u010dtovn\u00edcka a mzdov\u00e1 agenda","article_modified_time":"2024-10-17T19:44:06+00:00","twitter_card":"summary_large_image","twitter_misc":{"Odhadovan\u00e1 doba \u010dten\u00ed":"1 minuta"},"schema":{"@context":"https:\/\/schema.org","@graph":[{"@type":"WebPage","@id":"https:\/\/www.acconti.sk\/en\/spracovanie-miezd\/","url":"https:\/\/www.acconti.sk\/en\/spracovanie-miezd\/","name":"Spracovanie miezd - \u00fa\u010dtovn\u00edcka a mzdov\u00e1 agenda","isPartOf":{"@id":"https:\/\/www.acconti.sk\/#website"},"datePublished":"2024-07-08T00:36:49+00:00","dateModified":"2024-10-17T19:44:06+00:00","breadcrumb":{"@id":"https:\/\/www.acconti.sk\/en\/spracovanie-miezd\/#breadcrumb"},"inLanguage":"cs","potentialAction":[{"@type":"ReadAction","target":["https:\/\/www.acconti.sk\/en\/spracovanie-miezd\/"]}]},{"@type":"BreadcrumbList","@id":"https:\/\/www.acconti.sk\/en\/spracovanie-miezd\/#breadcrumb","itemListElement":[{"@type":"ListItem","position":1,"name":"Home","item":"https:\/\/www.acconti.sk\/"},{"@type":"ListItem","position":2,"name":"Spracovanie miezd"}]},{"@type":"WebSite","@id":"https:\/\/www.acconti.sk\/#website","url":"https:\/\/www.acconti.sk\/","name":"\u00fa\u010dtovn\u00edcka a mzdov\u00e1 agenda","description":"","potentialAction":[{"@type":"SearchAction","target":{"@type":"EntryPoint","urlTemplate":"https:\/\/www.acconti.sk\/?s={search_term_string}"},"query-input":{"@type":"PropertyValueSpecification","valueRequired":true,"valueName":"search_term_string"}}],"inLanguage":"cs"}]}},"_links":{"self":[{"href":"https:\/\/www.acconti.sk\/cs\/wp-json\/wp\/v2\/pages\/857","targetHints":{"allow":["GET"]}}],"collection":[{"href":"https:\/\/www.acconti.sk\/cs\/wp-json\/wp\/v2\/pages"}],"about":[{"href":"https:\/\/www.acconti.sk\/cs\/wp-json\/wp\/v2\/types\/page"}],"author":[{"embeddable":true,"href":"https:\/\/www.acconti.sk\/cs\/wp-json\/wp\/v2\/users\/13"}],"replies":[{"embeddable":true,"href":"https:\/\/www.acconti.sk\/cs\/wp-json\/wp\/v2\/comments?post=857"}],"version-history":[{"count":0,"href":"https:\/\/www.acconti.sk\/cs\/wp-json\/wp\/v2\/pages\/857\/revisions"}],"wp:attachment":[{"href":"https:\/\/www.acconti.sk\/cs\/wp-json\/wp\/v2\/media?parent=857"}],"curies":[{"name":"wp","href":"https:\/\/api.w.org\/{rel}","templated":true}]}}