{"id":589,"date":"2024-06-17T13:32:46","date_gmt":"2024-06-17T11:32:46","guid":{"rendered":"https:\/\/www.acconti.sk\/?page_id=589"},"modified":"2025-01-29T12:12:09","modified_gmt":"2025-01-29T11:12:09","slug":"kontakt","status":"publish","type":"page","link":"https:\/\/www.acconti.sk\/cs\/kontakt\/","title":{"rendered":"Kontakt"},"content":{"rendered":"<section class=\"section\" id=\"section_1083904451\">\n\t\t<div class=\"section-bg fill\" >\n\t\t\t\t\t\t\t\t\t\n\t\t\t\n\n\t\t<\/div>\n\n\t\t\n\n\t\t<div class=\"section-content relative\">\n\t\t\t <div class=\"row align-middle\"  id=\"row-2055051354\"> \n\t<div id=\"col-1196128380\" class=\"col medium-6 small-12 large-6\"  >\n\t\t\t\t<div class=\"col-inner\"  >\n\t\t\t\n\t\t\t \t<div id=\"text-3980978253\" class=\"text\">\n\t\t\r\n<h2>Kontaktujte n\u00e1s<\/h2>\r\n\t\t\n<style>\n#text-3980978253 {\n  font-size: 1.6rem;\n}\n<\/style>\n\t<\/div>\n\t\r\n<p>Nev\u00e1hejte n\u00e1s kontaktovat s jak\u00fdmikoli ot\u00e1zkami nebo pot\u0159ebami t\u00fdkaj\u00edc\u00edmi se na\u0161ich \u00fa\u010detn\u00edch a mzdov\u00fdch slu\u017eeb. Na\u0161\u00edm c\u00edlem je poskytovat kvalitn\u00ed slu\u017eby a odbornou podporu, kter\u00e1 v\u00e1m pom\u016f\u017ee zjednodu\u0161it a zefektivnit va\u0161e podnik\u00e1n\u00ed.<\/p>\r\n\t<div id=\"gap-27092694\" class=\"gap-element clearfix\" style=\"display:block; height:auto;\">\n\t\t\n<style>\n#gap-27092694 {\n  padding-top: 20px;\n}\n<\/style>\n\t<\/div>\n\t \n\t\t<div class=\"icon-box featured-box icon-box-left text-left\"  >\n\t\t\t\t\t<div class=\"icon-box-img\" style=\"width: 39px\">\n\t\t\t\t<div class=\"icon\">\n\t\t\t\t\t<div class=\"icon-inner\" >\n\t\t\t\t\t\t<img fetchpriority=\"high\" decoding=\"async\" width=\"300\" height=\"300\" src=\"https:\/\/www.acconti.sk\/wp-content\/uploads\/2024\/07\/icons-13-300x300.png\" class=\"attachment-medium size-medium\" alt=\"\" srcset=\"https:\/\/www.acconti.sk\/wp-content\/uploads\/2024\/07\/icons-13-300x300.png 300w, https:\/\/www.acconti.sk\/wp-content\/uploads\/2024\/07\/icons-13-1024x1024.png 1024w, https:\/\/www.acconti.sk\/wp-content\/uploads\/2024\/07\/icons-13-150x150.png 150w, https:\/\/www.acconti.sk\/wp-content\/uploads\/2024\/07\/icons-13-768x768.png 768w, https:\/\/www.acconti.sk\/wp-content\/uploads\/2024\/07\/icons-13.png 1201w\" sizes=\"(max-width: 300px) 100vw, 300px\" \/>\t\t\t\t\t<\/div>\n\t\t\t\t<\/div>\n\t\t\t<\/div>\n\t\t\t\t<div class=\"icon-box-text last-reset\">\n\t\t\t\t\t\t\t\t\t \t<div id=\"text-3633430237\" class=\"text\">\n\t\t\r\n<h4>Kontaktn\u00ed osoba:<\/h4>\r\n<p>Ing. Katar\u00edna Lehotsk\u00e1<\/p>\r\n\t\t\n<style>\n#text-3633430237 {\n  line-height: 1.05;\n}\n<\/style>\n\t<\/div>\n\t \t\t<\/div>\n\t<\/div>\n\t\n\t \n\t\t<div class=\"icon-box featured-box icon-box-left text-left\"  >\n\t\t\t\t\t<div class=\"icon-box-img\" style=\"width: 39px\">\n\t\t\t\t<div class=\"icon\">\n\t\t\t\t\t<div class=\"icon-inner\" >\n\t\t\t\t\t\t<img decoding=\"async\" width=\"300\" height=\"300\" src=\"https:\/\/www.acconti.sk\/wp-content\/uploads\/2024\/07\/icons-acconti-16-300x300.png\" class=\"attachment-medium size-medium\" alt=\"\" srcset=\"https:\/\/www.acconti.sk\/wp-content\/uploads\/2024\/07\/icons-acconti-16-300x300.png 300w, https:\/\/www.acconti.sk\/wp-content\/uploads\/2024\/07\/icons-acconti-16-1024x1024.png 1024w, https:\/\/www.acconti.sk\/wp-content\/uploads\/2024\/07\/icons-acconti-16-150x150.png 150w, https:\/\/www.acconti.sk\/wp-content\/uploads\/2024\/07\/icons-acconti-16-768x768.png 768w, https:\/\/www.acconti.sk\/wp-content\/uploads\/2024\/07\/icons-acconti-16.png 1201w\" sizes=\"(max-width: 300px) 100vw, 300px\" \/>\t\t\t\t\t<\/div>\n\t\t\t\t<\/div>\n\t\t\t<\/div>\n\t\t\t\t<div class=\"icon-box-text last-reset\">\n\t\t\t\t\t\t\t\t\t \t<div id=\"text-374673260\" class=\"text\">\n\t\t\r\n<h4>Tel:<\/h4>\r\n<p>SK:\u00a0 +421 911 510 314<br \/><br \/>CZ:\u00a0 +420\u00a0731\u00a0094 451<\/p>\r\n\t\t\n<style>\n#text-374673260 {\n  line-height: 1.05;\n}\n<\/style>\n\t<\/div>\n\t \t\t<\/div>\n\t<\/div>\n\t\n\t \n\t\t<div class=\"icon-box featured-box icon-box-left text-left\"  >\n\t\t\t\t\t<div class=\"icon-box-img\" style=\"width: 39px\">\n\t\t\t\t<div class=\"icon\">\n\t\t\t\t\t<div class=\"icon-inner\" >\n\t\t\t\t\t\t<img decoding=\"async\" width=\"300\" height=\"300\" src=\"https:\/\/www.acconti.sk\/wp-content\/uploads\/2024\/07\/icons-12-300x300.png\" class=\"attachment-medium size-medium\" alt=\"\" srcset=\"https:\/\/www.acconti.sk\/wp-content\/uploads\/2024\/07\/icons-12-300x300.png 300w, https:\/\/www.acconti.sk\/wp-content\/uploads\/2024\/07\/icons-12-1024x1024.png 1024w, https:\/\/www.acconti.sk\/wp-content\/uploads\/2024\/07\/icons-12-150x150.png 150w, https:\/\/www.acconti.sk\/wp-content\/uploads\/2024\/07\/icons-12-768x768.png 768w, https:\/\/www.acconti.sk\/wp-content\/uploads\/2024\/07\/icons-12.png 1201w\" sizes=\"(max-width: 300px) 100vw, 300px\" \/>\t\t\t\t\t<\/div>\n\t\t\t\t<\/div>\n\t\t\t<\/div>\n\t\t\t\t<div class=\"icon-box-text last-reset\">\n\t\t\t\t\t\t\t\t\t \t<div id=\"text-2142335554\" class=\"text\">\n\t\t\r\n<h4>E-mail:<\/h4>\r\n<p>k.lehotska@acconti.sk<\/p>\r\n\t\t\n<style>\n#text-2142335554 {\n  line-height: 1.05;\n}\n<\/style>\n\t<\/div>\n\t \t\t<\/div>\n\t<\/div>\n\t\n\t \t\t<\/div>\n\t\t\t\t\n<style>\n#col-1196128380 > .col-inner {\n  margin: -40px 0px 0px 0px;\n}\n<\/style>\n\t<\/div>\n\n\t \n\t<div id=\"col-1605507194\" class=\"col medium-6 small-12 large-6\"  >\n\t\t\t\t<div class=\"col-inner\"  >\n\t\t\t\n\t<div class=\"is-border\"\n\t\tstyle=\"border-color:rgb(190, 186, 186);border-radius:12px;border-width:0.8px 0.8px 0.8px 0.8px;\">\n\t<\/div>\n\t\t\t \n<div class=\"wpcf7 no-js\" id=\"wpcf7-f597-o1\" lang=\"sk-SK\" dir=\"ltr\" data-wpcf7-id=\"597\">\n<div class=\"screen-reader-response\"><p role=\"status\" aria-live=\"polite\" aria-atomic=\"true\"><\/p> <ul><\/ul><\/div>\n<form action=\"\/cs\/wp-json\/wp\/v2\/pages\/589#wpcf7-f597-o1\" method=\"post\" class=\"wpcf7-form init\" aria-label=\"Kontaktn\u00ed formul\u00e1\u0159\" novalidate=\"novalidate\" data-status=\"init\" data-trp-original-action=\"\/cs\/wp-json\/wp\/v2\/pages\/589#wpcf7-f597-o1\">\n<fieldset class=\"hidden-fields-container\"><input type=\"hidden\" name=\"_wpcf7\" value=\"597\" \/><input type=\"hidden\" name=\"_wpcf7_version\" value=\"6.1\" \/><input type=\"hidden\" name=\"_wpcf7_locale\" value=\"sk_SK\" \/><input type=\"hidden\" name=\"_wpcf7_unit_tag\" value=\"wpcf7-f597-o1\" \/><input type=\"hidden\" name=\"_wpcf7_container_post\" value=\"0\" \/><input type=\"hidden\" name=\"_wpcf7_posted_data_hash\" value=\"\" \/>\n<\/fieldset>\n<p><label> Va\u0161e jm\u00e9no*<br \/>\n<span class=\"wpcf7-form-control-wrap\" data-name=\"text-763\"><input size=\"40\" maxlength=\"400\" class=\"wpcf7-form-control wpcf7-text wpcf7-validates-as-required\" aria-required=\"true\" aria-invalid=\"false\" value=\"\" type=\"text\" name=\"text-763\" \/><\/span> <\/label>\n<\/p>\n<p><label> V\u00e1\u0161 e-mail*<br \/>\n<span class=\"wpcf7-form-control-wrap\" data-name=\"email-247\"><input size=\"40\" maxlength=\"400\" class=\"wpcf7-form-control wpcf7-email wpcf7-validates-as-required wpcf7-text wpcf7-validates-as-email\" aria-required=\"true\" aria-invalid=\"false\" value=\"\" type=\"email\" name=\"email-247\" \/><\/span><\/label>\n<\/p>\n<p><label> Zpr\u00e1va<br \/>\n<span class=\"wpcf7-form-control-wrap\" data-name=\"textarea-153\"><textarea cols=\"40\" rows=\"10\" maxlength=\"2000\" class=\"wpcf7-form-control wpcf7-textarea\" aria-invalid=\"false\" name=\"textarea-153\"><\/textarea><\/span><\/label>\n<\/p>\n<p><div id=\"cf7sr-69f1dc8341481\" class=\"cf7sr-g-recaptcha\" data-theme=\"light\" data-type=\"audio\" data-size=\"normal\" data-sitekey=\"6Lc-IgorAAAAAKDGrq5U05RbZRHh5Ke8SHD1dBDl\"><\/div><span class=\"wpcf7-form-control-wrap cf7sr-recaptcha\" data-name=\"cf7sr-recaptcha\"><input type=\"hidden\" name=\"cf7sr-recaptcha\" value=\"\" class=\"wpcf7-form-control\"><\/span>\n<\/p>\n<p><input class=\"wpcf7-form-control wpcf7-submit has-spinner\" type=\"submit\" value=\"Odeslat\" \/>\n<\/p><p style=\"display: none !important;\" class=\"akismet-fields-container\" data-prefix=\"_wpcf7_ak_\"><label>&#916;<textarea name=\"_wpcf7_ak_hp_textarea\" cols=\"45\" rows=\"8\" maxlength=\"100\"><\/textarea><\/label><input type=\"hidden\" id=\"ak_js_1\" name=\"_wpcf7_ak_js\" value=\"56\"\/><script>document.getElementById( \"ak_js_1\" ).setAttribute( \"value\", ( new Date() ).getTime() );<\/script><\/p><div class=\"wpcf7-response-output\" aria-hidden=\"true\"><\/div>\n<input type=\"hidden\" name=\"trp-form-language\" value=\"cs\"\/><\/form>\n<\/div>\n \t\t<\/div>\n\t\t\t\t\n<style>\n#col-1605507194 > .col-inner {\n  padding: 20px 20px 0px 20px;\n  border-radius: 12px;\n}\n<\/style>\n\t<\/div>\n\n\t <\/div> <div class=\"row\"  id=\"row-731190066\"> \n\t<div id=\"col-2013223645\" class=\"col small-12 large-12\"  >\n\t\t\t\t<div class=\"col-inner\"  >\n\t\t\t\n\t\t\t \t<div id=\"text-3967348290\" class=\"text\">\n\t\t\r\n<h2>Na\u0161e pobo\u010dky<\/h2>\r\n\t\t\n<style>\n#text-3967348290 {\n  font-size: 1.25rem;\n}\n<\/style>\n\t<\/div>\n\t \t\t<\/div>\n\t\t\t\t\n<style>\n#col-2013223645 > .col-inner {\n  margin: 0px 0px -20px 2px;\n}\n<\/style>\n\t<\/div>\n\n\t <\/div> <div class=\"row row-small\"  id=\"row-1996249763\"> \n\t<div id=\"col-835073033\" class=\"col medium-3 small-6 large-3\"  >\n\t\t\t\t<div class=\"col-inner\"  >\n\t\t\t\n\t<div class=\"is-border\"\n\t\tstyle=\"border-color:rgb(190, 186, 186);border-radius:12px;border-width:0.8px 0.8px 0.8px 0.8px;\">\n\t<\/div>\n\t\t\t \n\t<a class=\"plain\" href=\"https:\/\/maps.app.goo.gl\/9fB6JNuwWZ2QePgB8\" target=\"_blank\" rel=\"noopener\" >\t<div class=\"icon-box featured-box icon-box-top text-left\"  >\n\t\t\t\t\t<div class=\"icon-box-img\" style=\"width: 40px\">\n\t\t\t\t<div class=\"icon\">\n\t\t\t\t\t<div class=\"icon-inner\" >\n\t\t\t\t\t\t<img loading=\"lazy\" decoding=\"async\" width=\"239\" height=\"300\" src=\"https:\/\/www.acconti.sk\/wp-content\/uploads\/2024\/07\/icons-acconti-19-e1720960120542-239x300.png\" class=\"attachment-medium size-medium\" alt=\"\" srcset=\"https:\/\/www.acconti.sk\/wp-content\/uploads\/2024\/07\/icons-acconti-19-e1720960120542-239x300.png 239w, https:\/\/www.acconti.sk\/wp-content\/uploads\/2024\/07\/icons-acconti-19-e1720960120542-817x1024.png 817w, https:\/\/www.acconti.sk\/wp-content\/uploads\/2024\/07\/icons-acconti-19-e1720960120542-768x963.png 768w, https:\/\/www.acconti.sk\/wp-content\/uploads\/2024\/07\/icons-acconti-19-e1720960120542.png 839w\" sizes=\"(max-width: 239px) 100vw, 239px\" \/>\t\t\t\t\t<\/div>\n\t\t\t\t<\/div>\n\t\t\t<\/div>\n\t\t\t\t<div class=\"icon-box-text last-reset\">\n\t\t\t\t\t\t\t\t\t\r\n<h2>Bratislava<\/h2>\r\n<p>Jano\u0161kova 4, <br \/>831 03<\/p>\r\n\t\t<\/div>\n\t<\/div>\n\t<\/a>\n\t \t\t<\/div>\n\t\t\t\t\n<style>\n#col-835073033 > .col-inner {\n  border-radius: 12px;\n}\n<\/style>\n\t<\/div>\n\n\t \n\t<div id=\"col-857907824\" class=\"col medium-3 small-6 large-3\"  >\n\t\t\t\t<div class=\"col-inner\"  >\n\t\t\t\n\t<div class=\"is-border\"\n\t\tstyle=\"border-color:rgb(190, 186, 186);border-radius:12px;border-width:0.8px 0.8px 0.8px 0.8px;\">\n\t<\/div>\n\t\t\t \n\t<a class=\"plain\" href=\"https:\/\/maps.app.goo.gl\/rKq5UsisVzwzC9UUA\" target=\"_blank\" rel=\"noopener\" >\t<div class=\"icon-box featured-box icon-box-top text-left\"  >\n\t\t\t\t\t<div class=\"icon-box-img\" style=\"width: 40px\">\n\t\t\t\t<div class=\"icon\">\n\t\t\t\t\t<div class=\"icon-inner\" >\n\t\t\t\t\t\t<img loading=\"lazy\" decoding=\"async\" width=\"239\" height=\"300\" src=\"https:\/\/www.acconti.sk\/wp-content\/uploads\/2024\/07\/icons-acconti-19-e1720960120542-239x300.png\" class=\"attachment-medium size-medium\" alt=\"\" srcset=\"https:\/\/www.acconti.sk\/wp-content\/uploads\/2024\/07\/icons-acconti-19-e1720960120542-239x300.png 239w, https:\/\/www.acconti.sk\/wp-content\/uploads\/2024\/07\/icons-acconti-19-e1720960120542-817x1024.png 817w, https:\/\/www.acconti.sk\/wp-content\/uploads\/2024\/07\/icons-acconti-19-e1720960120542-768x963.png 768w, https:\/\/www.acconti.sk\/wp-content\/uploads\/2024\/07\/icons-acconti-19-e1720960120542.png 839w\" sizes=\"(max-width: 239px) 100vw, 239px\" \/>\t\t\t\t\t<\/div>\n\t\t\t\t<\/div>\n\t\t\t<\/div>\n\t\t\t\t<div class=\"icon-box-text last-reset\">\n\t\t\t\t\t\t\t\t\t\r\n<h2>Praha<\/h2>\r\n<p>V\u00e1clavsk\u00e9 n\u00e1mestie 47, <br \/>11000 Praha 1<\/p>\r\n\t\t<\/div>\n\t<\/div>\n\t<\/a>\n\t \t\t<\/div>\n\t\t\t\t\n<style>\n#col-857907824 > .col-inner {\n  border-radius: 12px;\n}\n<\/style>\n\t<\/div>\n\n\t \n\t<div id=\"col-429998879\" class=\"col medium-3 small-6 large-3\"  >\n\t\t\t\t<div class=\"col-inner\"  >\n\t\t\t\n\t<div class=\"is-border\"\n\t\tstyle=\"border-color:rgb(190, 186, 186);border-radius:12px;border-width:0.8px 0.8px 0.8px 0.8px;\">\n\t<\/div>\n\t\t\t \n\t<a class=\"plain\" href=\"https:\/\/maps.app.goo.gl\/GfYQUq7eaS4dcCue8\" target=\"_blank\" rel=\"noopener\" >\t<div class=\"icon-box featured-box icon-box-top text-left\"  >\n\t\t\t\t\t<div class=\"icon-box-img\" style=\"width: 40px\">\n\t\t\t\t<div class=\"icon\">\n\t\t\t\t\t<div class=\"icon-inner\" >\n\t\t\t\t\t\t<img loading=\"lazy\" decoding=\"async\" width=\"239\" height=\"300\" src=\"https:\/\/www.acconti.sk\/wp-content\/uploads\/2024\/07\/icons-acconti-19-e1720960120542-239x300.png\" class=\"attachment-medium size-medium\" alt=\"\" srcset=\"https:\/\/www.acconti.sk\/wp-content\/uploads\/2024\/07\/icons-acconti-19-e1720960120542-239x300.png 239w, https:\/\/www.acconti.sk\/wp-content\/uploads\/2024\/07\/icons-acconti-19-e1720960120542-817x1024.png 817w, https:\/\/www.acconti.sk\/wp-content\/uploads\/2024\/07\/icons-acconti-19-e1720960120542-768x963.png 768w, https:\/\/www.acconti.sk\/wp-content\/uploads\/2024\/07\/icons-acconti-19-e1720960120542.png 839w\" sizes=\"(max-width: 239px) 100vw, 239px\" \/>\t\t\t\t\t<\/div>\n\t\t\t\t<\/div>\n\t\t\t<\/div>\n\t\t\t\t<div class=\"icon-box-text last-reset\">\n\t\t\t\t\t\t\t\t\t\r\n<h2>Senec<\/h2>\r\n<p>Lichnerova 8\/A, <br \/>903 01<\/p>\r\n\t\t<\/div>\n\t<\/div>\n\t<\/a>\n\t \t\t<\/div>\n\t\t\t\t\n<style>\n#col-429998879 > .col-inner {\n  border-radius: 12px;\n}\n<\/style>\n\t<\/div>\n\n\t \n\t<div id=\"col-1798893150\" class=\"col medium-3 small-6 large-3\"  >\n\t\t\t\t<div class=\"col-inner\"  >\n\t\t\t\n\t<div class=\"is-border\"\n\t\tstyle=\"border-color:rgb(190, 186, 186);border-radius:12px;border-width:0.8px 0.8px 0.8px 0.8px;\">\n\t<\/div>\n\t\t\t \n\t<a class=\"plain\" href=\"https:\/\/maps.app.goo.gl\/YzvYrvtfTgccqyU4A\" target=\"_blank\" rel=\"noopener\" >\t<div class=\"icon-box featured-box icon-box-top text-left\"  >\n\t\t\t\t\t<div class=\"icon-box-img\" style=\"width: 40px\">\n\t\t\t\t<div class=\"icon\">\n\t\t\t\t\t<div class=\"icon-inner\" >\n\t\t\t\t\t\t<img loading=\"lazy\" decoding=\"async\" width=\"239\" height=\"300\" src=\"https:\/\/www.acconti.sk\/wp-content\/uploads\/2024\/07\/icons-acconti-19-e1720960120542-239x300.png\" class=\"attachment-medium size-medium\" alt=\"\" srcset=\"https:\/\/www.acconti.sk\/wp-content\/uploads\/2024\/07\/icons-acconti-19-e1720960120542-239x300.png 239w, https:\/\/www.acconti.sk\/wp-content\/uploads\/2024\/07\/icons-acconti-19-e1720960120542-817x1024.png 817w, https:\/\/www.acconti.sk\/wp-content\/uploads\/2024\/07\/icons-acconti-19-e1720960120542-768x963.png 768w, https:\/\/www.acconti.sk\/wp-content\/uploads\/2024\/07\/icons-acconti-19-e1720960120542.png 839w\" sizes=\"(max-width: 239px) 100vw, 239px\" \/>\t\t\t\t\t<\/div>\n\t\t\t\t<\/div>\n\t\t\t<\/div>\n\t\t\t\t<div class=\"icon-box-text last-reset\">\n\t\t\t\t\t\t\t\t\t\r\n<h2>Nitra<\/h2>\r\n<p>\u0160tef\u00e1nikova t\u0159\u00edda 71, <br \/>949 01<\/p>\r\n\t\t<\/div>\n\t<\/div>\n\t<\/a>\n\t \t\t<\/div>\n\t\t\t\t\n<style>\n#col-1798893150 > .col-inner {\n  border-radius: 12px;\n}\n<\/style>\n\t<\/div>\n\n\t \n<style>\n#row-1996249763 > .col > .col-inner {\n  padding: 18px 10px 15px 20px;\n}\n<\/style>\n<\/div> \t\t<\/div>\n\n\t\t\n<style>\n#section_1083904451 {\n  padding-top: 100pt;\n  padding-bottom: 100pt;\n  margin-bottom: -70pt;\n  background-color: rgb(255,255,255);\n}\n<\/style>\n\t<\/section>","protected":false},"excerpt":{"rendered":"","protected":false},"author":13,"featured_media":0,"parent":0,"menu_order":0,"comment_status":"closed","ping_status":"closed","template":"page-transparent-header.php","meta":{"footnotes":""},"class_list":["post-589","page","type-page","status-publish","hentry"],"yoast_head":"<!-- This site is optimized with the Yoast SEO plugin v25.5 - https:\/\/yoast.com\/wordpress\/plugins\/seo\/ -->\n<title>Kontakt - \u00fa\u010dtovn\u00edcka a mzdov\u00e1 agenda<\/title>\n<meta name=\"robots\" content=\"index, follow, max-snippet:-1, max-image-preview:large, max-video-preview:-1\" \/>\n<link rel=\"canonical\" href=\"https:\/\/www.acconti.sk\/cs\/kontakt\/\" \/>\n<meta property=\"og:locale\" content=\"cs_CZ\" \/>\n<meta property=\"og:type\" content=\"article\" \/>\n<meta property=\"og:title\" content=\"Kontakt - \u00fa\u010dtovn\u00edcka a mzdov\u00e1 agenda\" \/>\n<meta property=\"og:url\" content=\"https:\/\/www.acconti.sk\/cs\/kontakt\/\" \/>\n<meta property=\"og:site_name\" content=\"\u00fa\u010dtovn\u00edcka a mzdov\u00e1 agenda\" \/>\n<meta property=\"article:modified_time\" content=\"2025-01-29T11:12:09+00:00\" \/>\n<meta name=\"twitter:card\" content=\"summary_large_image\" \/>\n<meta name=\"twitter:label1\" content=\"Odhadovan\u00e1 doba \u010dten\u00ed\" \/>\n\t<meta name=\"twitter:data1\" content=\"2 minuty\" \/>\n<script type=\"application\/ld+json\" class=\"yoast-schema-graph\">{\"@context\":\"https:\/\/schema.org\",\"@graph\":[{\"@type\":\"WebPage\",\"@id\":\"https:\/\/www.acconti.sk\/kontakt\/\",\"url\":\"https:\/\/www.acconti.sk\/kontakt\/\",\"name\":\"Kontakt - \u00fa\u010dtovn\u00edcka a mzdov\u00e1 agenda\",\"isPartOf\":{\"@id\":\"https:\/\/www.acconti.sk\/#website\"},\"datePublished\":\"2024-06-17T11:32:46+00:00\",\"dateModified\":\"2025-01-29T11:12:09+00:00\",\"breadcrumb\":{\"@id\":\"https:\/\/www.acconti.sk\/kontakt\/#breadcrumb\"},\"inLanguage\":\"cs\",\"potentialAction\":[{\"@type\":\"ReadAction\",\"target\":[\"https:\/\/www.acconti.sk\/kontakt\/\"]}]},{\"@type\":\"BreadcrumbList\",\"@id\":\"https:\/\/www.acconti.sk\/kontakt\/#breadcrumb\",\"itemListElement\":[{\"@type\":\"ListItem\",\"position\":1,\"name\":\"Home\",\"item\":\"https:\/\/www.acconti.sk\/\"},{\"@type\":\"ListItem\",\"position\":2,\"name\":\"Kontakt\"}]},{\"@type\":\"WebSite\",\"@id\":\"https:\/\/www.acconti.sk\/#website\",\"url\":\"https:\/\/www.acconti.sk\/\",\"name\":\"\u00fa\u010dtovn\u00edcka a mzdov\u00e1 agenda\",\"description\":\"\",\"potentialAction\":[{\"@type\":\"SearchAction\",\"target\":{\"@type\":\"EntryPoint\",\"urlTemplate\":\"https:\/\/www.acconti.sk\/?s={search_term_string}\"},\"query-input\":{\"@type\":\"PropertyValueSpecification\",\"valueRequired\":true,\"valueName\":\"search_term_string\"}}],\"inLanguage\":\"cs\"}]}<\/script>\n<!-- \/ Yoast SEO plugin. -->","yoast_head_json":{"title":"Kontakt - \u00fa\u010dtovn\u00edcka a mzdov\u00e1 agenda","robots":{"index":"index","follow":"follow","max-snippet":"max-snippet:-1","max-image-preview":"max-image-preview:large","max-video-preview":"max-video-preview:-1"},"canonical":"https:\/\/www.acconti.sk\/cs\/kontakt\/","og_locale":"cs_CZ","og_type":"article","og_title":"Kontakt - \u00fa\u010dtovn\u00edcka a mzdov\u00e1 agenda","og_url":"https:\/\/www.acconti.sk\/cs\/kontakt\/","og_site_name":"\u00fa\u010dtovn\u00edcka a mzdov\u00e1 agenda","article_modified_time":"2025-01-29T11:12:09+00:00","twitter_card":"summary_large_image","twitter_misc":{"Odhadovan\u00e1 doba \u010dten\u00ed":"2 minuty"},"schema":{"@context":"https:\/\/schema.org","@graph":[{"@type":"WebPage","@id":"https:\/\/www.acconti.sk\/kontakt\/","url":"https:\/\/www.acconti.sk\/kontakt\/","name":"Kontakt - \u00fa\u010dtovn\u00edcka a mzdov\u00e1 agenda","isPartOf":{"@id":"https:\/\/www.acconti.sk\/#website"},"datePublished":"2024-06-17T11:32:46+00:00","dateModified":"2025-01-29T11:12:09+00:00","breadcrumb":{"@id":"https:\/\/www.acconti.sk\/kontakt\/#breadcrumb"},"inLanguage":"cs","potentialAction":[{"@type":"ReadAction","target":["https:\/\/www.acconti.sk\/kontakt\/"]}]},{"@type":"BreadcrumbList","@id":"https:\/\/www.acconti.sk\/kontakt\/#breadcrumb","itemListElement":[{"@type":"ListItem","position":1,"name":"Home","item":"https:\/\/www.acconti.sk\/"},{"@type":"ListItem","position":2,"name":"Kontakt"}]},{"@type":"WebSite","@id":"https:\/\/www.acconti.sk\/#website","url":"https:\/\/www.acconti.sk\/","name":"\u00fa\u010dtovn\u00edcka a mzdov\u00e1 agenda","description":"","potentialAction":[{"@type":"SearchAction","target":{"@type":"EntryPoint","urlTemplate":"https:\/\/www.acconti.sk\/?s={search_term_string}"},"query-input":{"@type":"PropertyValueSpecification","valueRequired":true,"valueName":"search_term_string"}}],"inLanguage":"cs"}]}},"_links":{"self":[{"href":"https:\/\/www.acconti.sk\/cs\/wp-json\/wp\/v2\/pages\/589","targetHints":{"allow":["GET"]}}],"collection":[{"href":"https:\/\/www.acconti.sk\/cs\/wp-json\/wp\/v2\/pages"}],"about":[{"href":"https:\/\/www.acconti.sk\/cs\/wp-json\/wp\/v2\/types\/page"}],"author":[{"embeddable":true,"href":"https:\/\/www.acconti.sk\/cs\/wp-json\/wp\/v2\/users\/13"}],"replies":[{"embeddable":true,"href":"https:\/\/www.acconti.sk\/cs\/wp-json\/wp\/v2\/comments?post=589"}],"version-history":[{"count":0,"href":"https:\/\/www.acconti.sk\/cs\/wp-json\/wp\/v2\/pages\/589\/revisions"}],"wp:attachment":[{"href":"https:\/\/www.acconti.sk\/cs\/wp-json\/wp\/v2\/media?parent=589"}],"curies":[{"name":"wp","href":"https:\/\/api.w.org\/{rel}","templated":true}]}}